{"id":2832,"date":"2021-06-03T13:43:30","date_gmt":"2021-06-03T11:43:30","guid":{"rendered":"https:\/\/www.kessydocs.de\/bienvenido-a-kessydocs\/"},"modified":"2024-12-15T12:24:17","modified_gmt":"2024-12-15T11:24:17","slug":"bienvenido-a-kessydocs","status":"publish","type":"page","link":"https:\/\/www.kessydocs.de\/es\/","title":{"rendered":"Bienvenido a KessyDocs"},"content":{"rendered":"\n<p class=\"has-gray-color has-text-color wp-block-paragraph\" style=\"line-height:2.1\">Somos una empresa especializada en sistemas inmovilizadores para VW Phaeton \/ Touareg, Porsche Cayenne, Porsche 996, 986, 997, 987, 970, 971, 991, 981, Bentley Continental y Audi A8.  <\/p>\n\n<p class=\"wp-block-paragraph\"><\/p>\n\n<figure class=\"wp-block-image size-large is-resized\"><img loading=\"lazy\" decoding=\"async\" width=\"640\" height=\"480\" src=\"https:\/\/www.kessydocs.de\/wp-content\/uploads\/2021\/05\/kessy_wasser.jpg\" alt=\"\" class=\"wp-image-2373\" style=\"width:312px;height:234px\" srcset=\"https:\/\/www.kessydocs.de\/wp-content\/uploads\/2021\/05\/kessy_wasser.jpg 640w, https:\/\/www.kessydocs.de\/wp-content\/uploads\/2021\/05\/kessy_wasser-300x225.jpg 300w, https:\/\/www.kessydocs.de\/wp-content\/uploads\/2021\/05\/kessy_wasser-600x450.jpg 600w, https:\/\/www.kessydocs.de\/wp-content\/uploads\/2021\/05\/kessy_wasser-80x60.jpg 80w, https:\/\/www.kessydocs.de\/wp-content\/uploads\/2021\/05\/kessy_wasser-120x90.jpg 120w\" sizes=\"auto, (max-width: 640px) 100vw, 640px\" \/><\/figure>\n\n<p class=\"has-gray-color has-text-color wp-block-paragraph\" style=\"line-height:2\">Incluso con los dispositivos que se parecen a esto, hay una posibilidad muy alta de que podamos extraer los datos del inmovilizador y luego hacer un dispositivo listo para usted.  <\/p>\n\n<p class=\"wp-block-paragraph\"><\/p>\n\n<p class=\"wp-block-paragraph\">Tambi\u00e9n puede ponerse en contacto con nosotros en el caso de unidades de control del motor con software especial que est\u00e9n defectuosas. Tambi\u00e9n puede ser posible rescatar los datos de estos dispositivos para escribirlos en un dispositivo id\u00e9ntico.  <br\/><br\/>Si tienes alguna pregunta, utiliza nuestro <span style=\"color: #ffff00;\"><a style=\"color: #ffff00;\" href=\"https:\/\/www.kessydocs.de\/es\/formulario-de-contacto\/\">formulario de contacto<\/a><\/span>. <\/p>\n<p><script type=\"application\/javascript\" src=\"https:\/\/app.usercentrics.eu\/latest\/main.js\" id=\"wLY0wT34u\"><\/script><\/p>\n","protected":false},"excerpt":{"rendered":"<p>Somos una empresa especializada en sistemas inmovilizadores para VW Phaeton \/ Touareg, Porsche Cayenne, Porsche 996, 986, 997, 987, 970, 971, 991, 981, Bentley Continental y Audi A8. Incluso con los dispositivos que se parecen a esto, hay una posibilidad muy alta de que podamos extraer los datos del inmovilizador y luego hacer un dispositivo [&hellip;]<\/p>\n","protected":false},"author":1,"featured_media":0,"parent":0,"menu_order":0,"comment_status":"closed","ping_status":"open","template":"","meta":{"_crdt_document":"","footnotes":""},"class_list":["post-2832","page","type-page","status-publish","hentry"],"_links":{"self":[{"href":"https:\/\/www.kessydocs.de\/es\/wp-json\/wp\/v2\/pages\/2832","targetHints":{"allow":["GET"]}}],"collection":[{"href":"https:\/\/www.kessydocs.de\/es\/wp-json\/wp\/v2\/pages"}],"about":[{"href":"https:\/\/www.kessydocs.de\/es\/wp-json\/wp\/v2\/types\/page"}],"author":[{"embeddable":true,"href":"https:\/\/www.kessydocs.de\/es\/wp-json\/wp\/v2\/users\/1"}],"replies":[{"embeddable":true,"href":"https:\/\/www.kessydocs.de\/es\/wp-json\/wp\/v2\/comments?post=2832"}],"version-history":[{"count":2,"href":"https:\/\/www.kessydocs.de\/es\/wp-json\/wp\/v2\/pages\/2832\/revisions"}],"predecessor-version":[{"id":3093,"href":"https:\/\/www.kessydocs.de\/es\/wp-json\/wp\/v2\/pages\/2832\/revisions\/3093"}],"wp:attachment":[{"href":"https:\/\/www.kessydocs.de\/es\/wp-json\/wp\/v2\/media?parent=2832"}],"curies":[{"name":"wp","href":"https:\/\/api.w.org\/{rel}","templated":true}]}}