{"id":2843,"date":"2021-05-27T17:20:23","date_gmt":"2021-05-27T15:20:23","guid":{"rendered":"https:\/\/www.kessydocs.de\/politica-de-privacidad\/"},"modified":"2021-05-27T17:20:23","modified_gmt":"2021-05-27T15:20:23","slug":"politica-de-privacidad","status":"publish","type":"page","link":"https:\/\/www.kessydocs.de\/es\/politica-de-privacidad\/","title":{"rendered":"Pol\u00edtica de privacidad"},"content":{"rendered":"<h2>1. la protecci\u00f3n de datos en un vistazo<\/h2>\n<h3>Notas generales<\/h3>\n<p>Los siguientes avisos ofrecen una visi\u00f3n general de lo que ocurre con sus datos personales cuando visita este sitio web. Los datos personales son cualquier dato por el que se le pueda identificar personalmente. Para obtener informaci\u00f3n detallada sobre el tema de la protecci\u00f3n de datos, consulte nuestra declaraci\u00f3n de protecci\u00f3n de datos que aparece debajo de este texto.<\/p>\n<h3>Recogida de datos en este sitio web<\/h3>\n<h4>\u00bfQui\u00e9n es el responsable de la recogida de datos en este sitio web?<\/h4>\n<p>El tratamiento de datos en este sitio web lo realiza el operador del mismo. Puede encontrar sus datos de contacto en la secci\u00f3n \u00abInformaci\u00f3n sobre el organismo responsable\u00bb de esta declaraci\u00f3n de protecci\u00f3n de datos.<\/p>\n<h4>\u00bfC\u00f3mo recogemos sus datos?<\/h4>\n<p>Por un lado, sus datos se recogen cuando usted nos los proporciona. Pueden ser, por ejemplo, los datos que se introducen en un formulario de contacto.<\/p>\n<p>Otros datos son recogidos autom\u00e1ticamente o con su consentimiento por nuestros sistemas inform\u00e1ticos cuando usted visita el sitio web. Se trata principalmente de datos t\u00e9cnicos (por ejemplo, el navegador de Internet, el sistema operativo o la hora de visualizaci\u00f3n de la p\u00e1gina). Estos datos se recogen autom\u00e1ticamente en cuanto usted entra en este sitio web.<\/p>\n<h4>\u00bfPara qu\u00e9 utilizamos sus datos?<\/h4>\n<p>Una parte de los datos se recopila para garantizar el suministro sin errores del sitio web. Otros datos pueden utilizarse para analizar su comportamiento como usuario.<\/p>\n<h4>\u00bfQu\u00e9 derechos tiene usted sobre sus datos?<\/h4>\n<p>Usted tiene derecho a recibir en cualquier momento informaci\u00f3n gratuita sobre el origen, el destinatario y la finalidad de sus datos personales almacenados. Tambi\u00e9n tiene derecho a solicitar la correcci\u00f3n o supresi\u00f3n de estos datos. Si ha dado su consentimiento para el tratamiento de datos, puede revocarlo en cualquier momento para el futuro. Tambi\u00e9n tiene derecho a solicitar la restricci\u00f3n del tratamiento de sus datos personales en determinadas circunstancias. Adem\u00e1s, tiene derecho a presentar una reclamaci\u00f3n ante la autoridad de control competente.<\/p>\n<p>Puede ponerse en contacto con nosotros en cualquier momento en relaci\u00f3n con esta y otras cuestiones sobre el tema de la protecci\u00f3n de datos.<\/p>\n<h3>Herramientas de an\u00e1lisis de terceros y herramientas<\/h3>\n<p>Al visitar este sitio web, su comportamiento de navegaci\u00f3n puede ser analizado estad\u00edsticamente. Esto se hace principalmente con los llamados programas de an\u00e1lisis.<\/p>\n<p>Encontrar\u00e1 informaci\u00f3n detallada sobre estos programas de an\u00e1lisis en la siguiente declaraci\u00f3n de protecci\u00f3n de datos.<\/p>\n<h2>2 Notas generales e informaci\u00f3n obligatoria<\/h2>\n<h3>Protecci\u00f3n de datos<\/h3>\n<p>Los operadores de estas p\u00e1ginas se toman muy en serio la protecci\u00f3n de sus datos personales. Tratamos sus datos personales de forma confidencial y de acuerdo con las normas legales de protecci\u00f3n de datos y esta declaraci\u00f3n de protecci\u00f3n de datos.<\/p>\n<p>Cuando usted utiliza este sitio web, se recogen varios datos personales. Los datos personales son aquellos con los que se le puede identificar personalmente. Esta pol\u00edtica de privacidad explica qu\u00e9 datos recogemos y para qu\u00e9 los utilizamos. Tambi\u00e9n explica c\u00f3mo y para qu\u00e9 se hace.<\/p>\n<p>Nos gustar\u00eda se\u00f1alar que la transmisi\u00f3n de datos en Internet (por ejemplo, la comunicaci\u00f3n por correo electr\u00f3nico) puede presentar lagunas de seguridad. No es posible una protecci\u00f3n completa de los datos contra el acceso de terceros.<\/p>\n<h3>Nota sobre el organismo responsable<\/h3>\n<p>El responsable del tratamiento de datos de este sitio web es:<\/p>\n<p>KessyDocs &#8211; Lutz Sehnke<br \/>\nAm Steinkamp 17<br \/>\n30952 Ronnenberg<\/p>\n<p>Tel\u00e9fono: +4917634138497<br \/>\nCorreo electr\u00f3nico: info@kessydocs.de<\/p>\n<p>El responsable del tratamiento es la persona f\u00edsica o jur\u00eddica que, sola o conjuntamente con otras, determina los fines y los medios del tratamiento de los datos personales (por ejemplo, nombres, direcciones de correo electr\u00f3nico, etc.).<\/p>\n<h3>Per\u00edodo de almacenamiento<\/h3>\n<p>A menos que se haya especificado un per\u00edodo de almacenamiento m\u00e1s espec\u00edfico dentro de esta pol\u00edtica de privacidad, sus datos personales permanecer\u00e1n con nosotros hasta que la finalidad del tratamiento de los datos deje de ser aplicable. Si usted hace valer una solicitud justificada de supresi\u00f3n o revoca su consentimiento para el tratamiento de datos, sus datos ser\u00e1n suprimidos, a menos que tengamos otros motivos legalmente admisibles para almacenar sus datos personales (por ejemplo, per\u00edodos de conservaci\u00f3n en virtud de la legislaci\u00f3n fiscal o comercial); en este \u00faltimo caso, los datos se suprimir\u00e1n una vez que estos motivos dejen de ser aplicables.<\/p>\n<h3>Nota sobre la transferencia de datos a EE.UU. y otros terceros pa\u00edses<\/h3>\n<p>Entre otras cosas, utilizamos herramientas de empresas con sede en EE.UU. u otros terceros pa\u00edses que no son seguras seg\u00fan la ley de protecci\u00f3n de datos. Cuando estas herramientas est\u00e1n activas, sus datos personales pueden ser transferidos y tratados en estos terceros pa\u00edses. Nos gustar\u00eda se\u00f1alar que en estos pa\u00edses no se puede garantizar un nivel de protecci\u00f3n de datos comparable al de la UE. Por ejemplo, las empresas estadounidenses est\u00e1n obligadas a entregar los datos personales a las autoridades de seguridad sin que usted, como interesado, pueda emprender acciones legales contra ello. Por lo tanto, no se puede descartar que las autoridades estadounidenses (por ejemplo, los servicios de inteligencia) procesen, eval\u00faen y almacenen permanentemente sus datos ubicados en servidores estadounidenses con fines de vigilancia. No tenemos ninguna influencia sobre estas actividades de procesamiento.<\/p>\n<h3>Revocaci\u00f3n de su consentimiento para el tratamiento de datos<\/h3>\n<p>Muchas operaciones de tratamiento de datos s\u00f3lo son posibles con su consentimiento expl\u00edcito. Usted puede revocar el consentimiento que ya ha dado en cualquier momento. La legalidad del tratamiento de datos realizado hasta la revocaci\u00f3n no se ve afectada por \u00e9sta.<\/p>\n<h3>Derecho a oponerse a la recogida de datos en casos espec\u00edficos y a la comercializaci\u00f3n directa (art. 21 del RGPD)<\/h3>\n<p>SI EL TRATAMIENTO DE DATOS SE BASA EN EL ART. 6 ABS. 1 LIT. E O F DSGVO, USTED TIENE DERECHO A OPONERSE AL TRATAMIENTO DE SUS DATOS PERSONALES EN CUALQUIER MOMENTO POR MOTIVOS DERIVADOS DE SU SITUACI\u00d3N PARTICULAR; ESTO TAMBI\u00c9N SE APLICA A LA ELABORACI\u00d3N DE PERFILES BASADOS EN ESTAS DISPOSICIONES. LA BASE LEGAL RESPECTIVA EN LA QUE SE BASA EL PROCESAMIENTO SE PUEDE ENCONTRAR EN ESTA DECLARACI\u00d3N DE PROTECCI\u00d3N DE DATOS. SI SE OPONE, DEJAREMOS DE TRATAR SUS DATOS PERSONALES A MENOS QUE PODAMOS DEMOSTRAR MOTIVOS LEG\u00cdTIMOS IMPERIOSOS PARA EL TRATAMIENTO QUE PREVALEZCAN SOBRE SUS INTERESES, DERECHOS Y LIBERTADES, O QUE EL TRATAMIENTO SEA PARA EL ESTABLECIMIENTO, EL EJERCICIO O LA DEFENSA DE RECLAMACIONES LEGALES (OBJECI\u00d3N EN VIRTUD DEL ART\u00cdCULO 21, APARTADO 1, DE LA DSGVO).<\/p>\n<p>SI SUS DATOS PERSONALES SE TRATAN CON FINES DE MARKETING DIRECTO, USTED TIENE DERECHO A OPONERSE EN CUALQUIER MOMENTO AL TRATAMIENTO DE LOS DATOS PERSONALES QUE LE CONCIERNEN CON FINES DE DICHO MARKETING; ESTO TAMBI\u00c9N SE APLICA A LA ELABORACI\u00d3N DE PERFILES EN LA MEDIDA EN QUE EST\u00c9 RELACIONADA CON DICHO MARKETING DIRECTO. SI SE OPONE, SUS DATOS PERSONALES DEJAR\u00c1N DE UTILIZARSE PARA FINES DE MARKETING DIRECTO (OBJECI\u00d3N DE CONFORMIDAD CON EL ART\u00cdCULO 21 (2) DE LA LEY ALEMANA DE PROTECCI\u00d3N DE DATOS).<\/p>\n<h3>Derecho de recurso ante la autoridad de control competente<\/h3>\n<p>En caso de infracci\u00f3n del RGPD, los interesados tendr\u00e1n derecho a recurrir a una autoridad de control, en particular en el Estado miembro de su residencia habitual, lugar de trabajo o lugar de la presunta infracci\u00f3n. El derecho de recurso se entiende sin perjuicio de cualquier otro recurso administrativo o judicial.<\/p>\n<h3>Derecho a la portabilidad de los datos<\/h3>\n<p>Tiene derecho a que los datos que tratamos autom\u00e1ticamente sobre la base de su consentimiento o en ejecuci\u00f3n de un contrato le sean entregados a usted o a un tercero en un formato com\u00fan y legible por m\u00e1quina. Si solicita la transferencia directa de los datos a otro responsable del tratamiento, s\u00f3lo se har\u00e1 en la medida en que sea t\u00e9cnicamente posible.<\/p>\n<h3>Cifrado SSL o TLS<\/h3>\n<p>Este sitio utiliza el cifrado SSL o TLS por razones de seguridad y para proteger la transmisi\u00f3n de contenido confidencial, como los pedidos o las consultas que usted nos env\u00eda como operador del sitio. Puedes reconocer una conexi\u00f3n encriptada por el hecho de que la l\u00ednea de direcci\u00f3n del navegador cambia de \u00abhttp:\/\/\u00bb a \u00abhttps:\/\/\u00bb y por el s\u00edmbolo del candado en la l\u00ednea del navegador.<\/p>\n<p>Si el cifrado SSL o TLS est\u00e1 activado, los datos que nos transmita no podr\u00e1n ser le\u00eddos por terceros.<\/p>\n<h3>Informaci\u00f3n, supresi\u00f3n y correcci\u00f3n<\/h3>\n<p>En el marco de las disposiciones legales aplicables, usted tiene derecho a recibir en cualquier momento informaci\u00f3n gratuita sobre sus datos personales almacenados, su origen y destinatario y la finalidad del tratamiento de datos y, en su caso, un derecho de rectificaci\u00f3n o supresi\u00f3n de estos datos. Puede ponerse en contacto con nosotros en cualquier momento sobre esta y otras cuestiones que pueda tener sobre el tema de los datos personales.<\/p>\n<h3>Derecho a restringir el tratamiento<\/h3>\n<p>Tiene derecho a solicitar la limitaci\u00f3n del tratamiento de sus datos personales. Puede ponerse en contacto con nosotros en cualquier momento con este fin. El derecho a restringir el tratamiento existe en los siguientes casos:<\/p>\n<ul>\n<li>Si impugna la exactitud de los datos personales que tenemos sobre usted, normalmente necesitaremos tiempo para verificarlo. Mientras dure la revisi\u00f3n, tiene derecho a solicitar la restricci\u00f3n del tratamiento de sus datos personales.<\/li>\n<li>Si el tratamiento de sus datos personales se ha producido o se est\u00e1 produciendo de forma ilegal, puede solicitar la limitaci\u00f3n del tratamiento de los datos en lugar de su supresi\u00f3n.<\/li>\n<li>Si ya no necesitamos sus datos personales, pero usted los necesita para ejercer, defender o hacer valer reclamaciones legales, tiene derecho a solicitar la restricci\u00f3n del tratamiento de sus datos personales en lugar de su eliminaci\u00f3n.<\/li>\n<li>Si desea presentar una objeci\u00f3n de conformidad con el apartado 21 del art\u00edculo 1 DSGVO, hay que encontrar un equilibrio entre sus intereses y los nuestros. Mientras no se determine qu\u00e9 intereses prevalecen, usted tiene derecho a exigir la restricci\u00f3n del tratamiento de sus datos personales.<\/li>\n<\/ul>\n<p>Si usted ha restringido el tratamiento de sus datos personales, dichos datos -adem\u00e1s de ser almacenados- s\u00f3lo podr\u00e1n ser tratados con su consentimiento o para el establecimiento, ejercicio o defensa de reclamaciones legales o para la protecci\u00f3n de los derechos de otra persona f\u00edsica o jur\u00eddica o por razones de inter\u00e9s p\u00fablico importante de la Uni\u00f3n Europea o de un Estado miembro.<\/p>\n<h3>Objeci\u00f3n a los correos electr\u00f3nicos publicitarios<\/h3>\n<p>Se rechaza el uso de los datos de contacto publicados en el marco de la obligaci\u00f3n del pie de imprenta para el env\u00edo de material publicitario e informativo no solicitado expresamente. Los operadores de las p\u00e1ginas se reservan expresamente el derecho a emprender acciones legales en caso de env\u00edo no solicitado de informaci\u00f3n publicitaria, por ejemplo mediante correos electr\u00f3nicos basura.<\/p>\n<h2>3. recogida de datos en este sitio web<\/h2>\n<h3>Galletas<\/h3>\n<p>Nuestras p\u00e1ginas de Internet utilizan las llamadas \u00abcookies\u00bb. Las cookies son peque\u00f1os archivos de texto y no causan ning\u00fan da\u00f1o a su dispositivo terminal. Se almacenan temporalmente durante una sesi\u00f3n (cookies de sesi\u00f3n) o permanentemente (cookies permanentes) en su dispositivo terminal. Las cookies de sesi\u00f3n se eliminan autom\u00e1ticamente al final de su visita. Las cookies permanentes permanecen almacenadas en su dispositivo terminal hasta que usted mismo las elimina o hasta que su navegador web las borra autom\u00e1ticamente.<\/p>\n<p>En algunos casos, las cookies de terceras empresas tambi\u00e9n pueden almacenarse en su dispositivo terminal cuando entra en nuestro sitio (cookies de terceros). \u00c9stas nos permiten a nosotros o a usted utilizar determinados servicios de la tercera empresa (por ejemplo, cookies para procesar servicios de pago).<\/p>\n<p>Las cookies tienen varias funciones. Muchas cookies son t\u00e9cnicamente necesarias, ya que algunas funciones del sitio web no funcionar\u00edan sin ellas (por ejemplo, la funci\u00f3n de cesta de la compra o la visualizaci\u00f3n de v\u00eddeos). Otras cookies se utilizan para evaluar el comportamiento de los usuarios o mostrar publicidad.<\/p>\n<p>Las cookies que son necesarias para llevar a cabo el proceso de comunicaci\u00f3n electr\u00f3nica (cookies necesarias) o para proporcionar ciertas funciones que usted ha solicitado (cookies funcionales, por ejemplo, para la funci\u00f3n de la cesta de la compra) o para optimizar el sitio web (por ejemplo, cookies para medir la audiencia de la web) se almacenan sobre la base del Art. 6 Para. 1 lit. f DSGVO, a menos que se especifique otra base legal. El operador del sitio web tiene un inter\u00e9s leg\u00edtimo en almacenar cookies para la prestaci\u00f3n de sus servicios de forma t\u00e9cnicamente libre de errores y optimizada. Si se ha solicitado el consentimiento para el almacenamiento de cookies, el almacenamiento de las cookies en cuesti\u00f3n se basa exclusivamente en este consentimiento (Art. 6 p\u00e1rrafo 1 lit. a DSGVO); el consentimiento puede ser revocado en cualquier momento.<\/p>\n<p>Puede configurar su navegador para que se le informe sobre la instalaci\u00f3n de cookies y permitirlas s\u00f3lo en casos individuales, excluir la aceptaci\u00f3n de cookies para determinados casos o en general y activar la eliminaci\u00f3n autom\u00e1tica de cookies al cerrar el navegador. Si se desactivan las cookies, la funcionalidad de este sitio web puede verse limitada.<\/p>\n<p>Si las cookies son utilizadas por terceras empresas o con fines de an\u00e1lisis, le informaremos de ello por separado en el marco de esta declaraci\u00f3n de protecci\u00f3n de datos y, si es necesario, le solicitaremos su consentimiento.<\/p>\n<h3>Formulario de contacto<\/h3>\n<p>Si nos env\u00eda consultas a trav\u00e9s del formulario de contacto, sus datos del formulario de consulta, incluidos los datos de contacto que haya proporcionado all\u00ed, ser\u00e1n almacenados por nosotros con el fin de procesar la consulta y en caso de consultas de seguimiento. No transmitimos estos datos sin su consentimiento.<\/p>\n<p>El tratamiento de estos datos se basa en el Art. 6 para. 1 lit. b DSGVO, en la medida en que su solicitud est\u00e9 relacionada con la ejecuci\u00f3n de un contrato o sea necesaria para la aplicaci\u00f3n de medidas precontractuales. En todos los dem\u00e1s casos, el tratamiento se basa en nuestro inter\u00e9s leg\u00edtimo en la tramitaci\u00f3n eficaz de las consultas que se nos dirigen (art. 6, p\u00e1rr. 1, letra f de la DSGVO) o en su consentimiento (art. 6, p\u00e1rr. 1, letra a de la DSGVO) si se ha solicitado.<\/p>\n<p>Los datos que introduzca en el formulario de contacto permanecer\u00e1n con nosotros hasta que nos solicite que los eliminemos, revoque su consentimiento para almacenarlos o deje de ser aplicable la finalidad del almacenamiento de los datos (por ejemplo, cuando hayamos terminado de procesar su consulta). Las disposiciones legales obligatorias -en particular los per\u00edodos de conservaci\u00f3n- no se ven afectadas.<\/p>\n<h3>Solicitud por correo electr\u00f3nico, tel\u00e9fono o fax<\/h3>\n<p>Si se pone en contacto con nosotros por correo electr\u00f3nico, tel\u00e9fono o fax, su consulta, incluyendo todos los datos personales resultantes (nombre, consulta), ser\u00e1 almacenada y procesada por nosotros con el fin de procesar su solicitud. No transmitimos estos datos sin su consentimiento.<\/p>\n<p>El tratamiento de estos datos se basa en el Art. 6 para. 1 lit. b DSGVO, en la medida en que su solicitud est\u00e9 relacionada con la ejecuci\u00f3n de un contrato o sea necesaria para la aplicaci\u00f3n de medidas precontractuales. En todos los dem\u00e1s casos, el tratamiento se basa en nuestro inter\u00e9s leg\u00edtimo en la tramitaci\u00f3n eficaz de las consultas que se nos dirigen (art. 6, p\u00e1rr. 1, letra f de la DSGVO) o en su consentimiento (art. 6, p\u00e1rr. 1, letra a de la DSGVO) si se ha solicitado.<\/p>\n<p>Los datos que nos env\u00ede a trav\u00e9s de las solicitudes de contacto permanecer\u00e1n con nosotros hasta que nos solicite que los eliminemos, revoque su consentimiento para almacenarlos o el prop\u00f3sito de almacenar los datos ya no sea aplicable (por ejemplo, despu\u00e9s de que hayamos terminado de procesar su solicitud). Las disposiciones legales obligatorias -en particular los periodos de conservaci\u00f3n legales- no se ven afectadas.<\/p>\n<h3>Comunicaci\u00f3n por WhatsApp<\/h3>\n<p>Para la comunicaci\u00f3n con nuestros clientes y otros terceros, utilizamos el servicio de mensajer\u00eda instant\u00e1nea WhatsApp, entre otros. El proveedor es WhatsApp Ireland Limited, 4 Grand Canal Square, Grand Canal Harbour, Dubl\u00edn 2, Irlanda.<\/p>\n<p>La comunicaci\u00f3n se lleva a cabo a trav\u00e9s de un cifrado de extremo a extremo (peer-to-peer), lo que impide que WhatsApp u otros terceros tengan acceso al contenido de la comunicaci\u00f3n. Sin embargo, WhatsApp tiene acceso a los metadatos que se crean en el transcurso del proceso de comunicaci\u00f3n (por ejemplo, remitente, destinatario y hora). Tambi\u00e9n queremos se\u00f1alar que WhatsApp, seg\u00fan su propio comunicado, comparte datos personales de sus usuarios con su empresa matriz Facebook, que tiene su sede en Estados Unidos. Puede encontrar m\u00e1s detalles sobre el tratamiento de datos en la pol\u00edtica de privacidad de WhatsApp en: <a href=\"https:\/\/www.whatsapp.com\/legal\/#privacy-policy\" target=\"_blank\" rel=\"noopener noreferrer\">https:\/\/www.whatsapp.com\/legal\/#privacy-policy.<\/a><\/p>\n<p>El uso de WhatsApp se basa en nuestro inter\u00e9s leg\u00edtimo de comunicarnos lo m\u00e1s r\u00e1pida y eficazmente posible con los clientes, las partes interesadas y otros socios comerciales y contractuales (art. 6, p\u00e1rr. 1 lit. f DSGVO). Si se ha solicitado el correspondiente consentimiento, el tratamiento de los datos se lleva a cabo exclusivamente sobre la base del mismo; \u00e9ste puede ser revocado en cualquier momento con efecto para el futuro.<\/p>\n<p>El contenido de las comunicaciones intercambiadas entre y en WhatsApp permanece con nosotros hasta que usted nos pida que lo eliminemos, revoque su consentimiento para almacenarlo o el prop\u00f3sito de almacenar los datos ya no sea aplicable (por ejemplo, despu\u00e9s de que hayamos terminado de procesar su consulta). Las disposiciones legales obligatorias -en particular los per\u00edodos de conservaci\u00f3n- no se ven afectadas.<\/p>\n<h2>4. herramientas de an\u00e1lisis y publicidad<\/h2>\n<h3>Estad\u00edsticas de WP<\/h3>\n<p>Este sitio web utiliza la herramienta de an\u00e1lisis WP Statistics para evaluar estad\u00edsticamente el tr\u00e1fico de visitantes. El proveedor es Veronalabs, ARENCO Tower, 27th Floor, Dubai Media City, Dubai 23816, UAE<a href=\"https:\/\/veronalabs.com\" target=\"_blank\" rel=\"noopener noreferrer\">(https:\/\/veronalabs.com)<\/a>.<\/p>\n<p>WP Statistics nos permite analizar el uso de nuestro sitio web. WP Statistics recoge archivos de registro (direcci\u00f3n IP, referencia, navegador utilizado, origen del usuario, motor de b\u00fasqueda utilizado) y las acciones que los visitantes del sitio web han realizado en la p\u00e1gina (por ejemplo, clics y vistas).<\/p>\n<p>Los datos recogidos con WP Statistics se almacenan exclusivamente en nuestro propio servidor y no se transmiten a WordPress.<\/p>\n<p>El uso de esta herramienta de an\u00e1lisis se basa en el Art. 6 para. 1 lit. f GDPR. Tenemos un inter\u00e9s leg\u00edtimo en el an\u00e1lisis an\u00f3nimo del comportamiento de los usuarios para optimizar tanto nuestro sitio web como nuestra publicidad. Si se ha solicitado el correspondiente consentimiento (por ejemplo, el consentimiento para almacenar cookies), el tratamiento se lleva a cabo exclusivamente sobre la base del Art. 6 Para. 1 lit. una DSGVO; el consentimiento puede ser revocado en cualquier momento.<\/p>\n<h2>5. plugins y herramientas<\/h2>\n<h3>Google reCAPTCHA<\/h3>\n<p>En este sitio web utilizamos \u00abGoogle reCAPTCHA\u00bb (en adelante \u00abreCAPTCHA\u00bb). El proveedor es Google Ireland Limited (\u00abGoogle\u00bb), Gordon House, Barrow Street, Dubl\u00edn 4, Irlanda.<\/p>\n<p>El prop\u00f3sito de reCAPTCHA es comprobar si los datos introducidos en este sitio web (por ejemplo, en un formulario de contacto) son realizados por un ser humano o por un programa automatizado. Para ello, reCAPTCHA analiza el comportamiento del visitante del sitio web en funci\u00f3n de diversas caracter\u00edsticas. Este an\u00e1lisis comienza autom\u00e1ticamente en cuanto el visitante del sitio web entra en \u00e9l. Con fines de an\u00e1lisis, reCAPTCHA eval\u00faa diversos datos (por ejemplo, la direcci\u00f3n IP, el tiempo que el visitante del sitio web pasa en \u00e9l o los movimientos del rat\u00f3n realizados por el usuario). Los datos recogidos durante el an\u00e1lisis se env\u00edan a Google.<\/p>\n<p>Los an\u00e1lisis de reCAPTCHA se ejecutan completamente en segundo plano. Los visitantes del sitio web no son informados de que se est\u00e1 realizando un an\u00e1lisis.<\/p>\n<p>El almacenamiento y el an\u00e1lisis de los datos se basan en el art\u00edculo 6, p\u00e1rrafo. 1 lit. f GDPR. El operador del sitio web tiene un inter\u00e9s leg\u00edtimo en proteger su oferta web del espionaje autom\u00e1tico abusivo y del SPAM. Si se ha solicitado el correspondiente consentimiento, el tratamiento se lleva a cabo exclusivamente sobre la base del Art. 6 Para. 1 lit. una DSGVO; el consentimiento puede ser revocado en cualquier momento.<\/p>\n<p>Para obtener m\u00e1s informaci\u00f3n sobre Google reCAPTCHA, consulte la Pol\u00edtica de privacidad de Google y las Condiciones del servicio de Google en los siguientes enlaces: <a href=\"https:\/\/policies.google.com\/privacy?hl=de\" target=\"_blank\" rel=\"noopener noreferrer\">https:\/\/policies.google.com\/privacy?hl=de<\/a> y <a href=\"https:\/\/policies.google.com\/terms?hl=de\" target=\"_blank\" rel=\"noopener noreferrer\">https:\/\/policies.google.com\/terms?hl=de.<\/a><\/p>\n<p><script type=\"application\/javascript\" src=\"https:\/\/app.usercentrics.eu\/latest\/main.js\" id=\"wLY0wT34u\"><\/script><\/p>\n","protected":false},"excerpt":{"rendered":"<p>1. la protecci\u00f3n de datos en un vistazo Notas generales Los siguientes avisos ofrecen una visi\u00f3n general de lo que ocurre con sus datos personales cuando visita este sitio web. Los datos personales son cualquier dato por el que se le pueda identificar personalmente. Para obtener informaci\u00f3n detallada sobre el tema de la protecci\u00f3n de [&hellip;]<\/p>\n","protected":false},"author":1,"featured_media":0,"parent":0,"menu_order":0,"comment_status":"closed","ping_status":"open","template":"","meta":{"_crdt_document":"","footnotes":""},"class_list":["post-2843","page","type-page","status-publish","hentry"],"_links":{"self":[{"href":"https:\/\/www.kessydocs.de\/es\/wp-json\/wp\/v2\/pages\/2843","targetHints":{"allow":["GET"]}}],"collection":[{"href":"https:\/\/www.kessydocs.de\/es\/wp-json\/wp\/v2\/pages"}],"about":[{"href":"https:\/\/www.kessydocs.de\/es\/wp-json\/wp\/v2\/types\/page"}],"author":[{"embeddable":true,"href":"https:\/\/www.kessydocs.de\/es\/wp-json\/wp\/v2\/users\/1"}],"replies":[{"embeddable":true,"href":"https:\/\/www.kessydocs.de\/es\/wp-json\/wp\/v2\/comments?post=2843"}],"version-history":[{"count":0,"href":"https:\/\/www.kessydocs.de\/es\/wp-json\/wp\/v2\/pages\/2843\/revisions"}],"wp:attachment":[{"href":"https:\/\/www.kessydocs.de\/es\/wp-json\/wp\/v2\/media?parent=2843"}],"curies":[{"name":"wp","href":"https:\/\/api.w.org\/{rel}","templated":true}]}}