{"id":2855,"date":"2022-09-11T22:53:34","date_gmt":"2022-09-11T20:53:34","guid":{"rendered":"https:\/\/www.kessydocs.de\/elv-porsche-991-981-970-92a\/"},"modified":"2024-12-15T12:12:50","modified_gmt":"2024-12-15T11:12:50","slug":"elv-porsche-991-981-970-92a","status":"publish","type":"page","link":"https:\/\/www.kessydocs.de\/es\/elv-porsche-991-981-970-92a\/","title":{"rendered":"ELV Porsche 991\/981\/970\/92A"},"content":{"rendered":"<p>En Porsche&nbsp; 911 ( 991)&nbsp; \/ Boxster \/ Cymen (981) \/ Panamera ( 970, 971)&nbsp; \/ Cayenne 92A&nbsp; una de las causas m\u00e1s comunes para que el encendido no se conecte es un bloqueo de la columna de direcci\u00f3n (ELV) defectuoso.&nbsp;<\/p>\n\n<figure class=\"wp-block-image size-full is-resized\"><img loading=\"lazy\" decoding=\"async\" width=\"1000\" height=\"459\" src=\"https:\/\/www.kessydocs.de\/wp-content\/uploads\/2022\/09\/991_elv1.jpg\" alt=\"\" class=\"wp-image-2600\" style=\"width:525px;height:240px\" srcset=\"https:\/\/www.kessydocs.de\/wp-content\/uploads\/2022\/09\/991_elv1.jpg 1000w, https:\/\/www.kessydocs.de\/wp-content\/uploads\/2022\/09\/991_elv1-300x138.jpg 300w, https:\/\/www.kessydocs.de\/wp-content\/uploads\/2022\/09\/991_elv1-768x353.jpg 768w, https:\/\/www.kessydocs.de\/wp-content\/uploads\/2022\/09\/991_elv1-600x275.jpg 600w\" sizes=\"auto, (max-width: 1000px) 100vw, 1000px\" \/><\/figure>\n<p>Esto siempre tiene el efecto de que no se puede conectar el encendido y el coche no arranca.<\/p>\n<p>Estos motores tienen uno de los siguientes n\u00fameros de pieza :  <\/p>\n<p>7PP905852B, 7PP905852C<\/p>\n<p>En algunos veh\u00edculos, este error mostrar\u00e1 entonces \u00abdirecci\u00f3n defectuosa\u00bb o \u00abdirecci\u00f3n bloqueada\u00bb o algo parecido en la pantalla del veloc\u00edmetro \u00ab.  <\/p>\n<p>Sin embargo, lamentablemente, en algunos veh\u00edculos tampoco es as\u00ed. Entonces no ocurre nada cuando se gira la llave para conectar el encendido.<\/p>\n<p>Estos motores no son motores puros, sino actuadores con unidad de control integrada.<\/p>\n<p>Si se intenta accionar un dispositivo de este tipo sin adaptarlo al coche, el inmovilizador estar\u00e1 activo y no se podr\u00e1 conectar el encendido.<\/p>\n<p>Para montar una cerradura de columna de direcci\u00f3n usada en su veh\u00edculo, tendr\u00eda que enviarnos su unidad de control de a bordo delantera y una llave. El viejo motor de la columna de direcci\u00f3n no es necesariamente necesario, pero es bienvenido a enviarlo.<\/p>\n<p>Si tienes alguna pregunta, utiliza el <span style=\"color: #ffff00;\"><a style=\"color: #ffff00;\" href=\"https:\/\/www.kessydocs.de\/es\/formulario-de-contacto\/\">formulario de contacto<\/a>.<\/span><\/p>\n","protected":false},"excerpt":{"rendered":"<p>En Porsche&nbsp; 911 ( 991)&nbsp; \/ Boxster \/ Cymen (981) \/ Panamera ( 970, 971)&nbsp; \/ Cayenne 92A&nbsp; una de las causas m\u00e1s comunes para que el encendido no se conecte es un bloqueo de la columna de direcci\u00f3n (ELV) defectuoso.&nbsp; Esto siempre tiene el efecto de que no se puede conectar el encendido y [&hellip;]<\/p>\n","protected":false},"author":1,"featured_media":0,"parent":0,"menu_order":0,"comment_status":"closed","ping_status":"open","template":"","meta":{"_crdt_document":"","footnotes":""},"class_list":["post-2855","page","type-page","status-publish","hentry"],"_links":{"self":[{"href":"https:\/\/www.kessydocs.de\/es\/wp-json\/wp\/v2\/pages\/2855","targetHints":{"allow":["GET"]}}],"collection":[{"href":"https:\/\/www.kessydocs.de\/es\/wp-json\/wp\/v2\/pages"}],"about":[{"href":"https:\/\/www.kessydocs.de\/es\/wp-json\/wp\/v2\/types\/page"}],"author":[{"embeddable":true,"href":"https:\/\/www.kessydocs.de\/es\/wp-json\/wp\/v2\/users\/1"}],"replies":[{"embeddable":true,"href":"https:\/\/www.kessydocs.de\/es\/wp-json\/wp\/v2\/comments?post=2855"}],"version-history":[{"count":2,"href":"https:\/\/www.kessydocs.de\/es\/wp-json\/wp\/v2\/pages\/2855\/revisions"}],"predecessor-version":[{"id":3057,"href":"https:\/\/www.kessydocs.de\/es\/wp-json\/wp\/v2\/pages\/2855\/revisions\/3057"}],"wp:attachment":[{"href":"https:\/\/www.kessydocs.de\/es\/wp-json\/wp\/v2\/media?parent=2855"}],"curies":[{"name":"wp","href":"https:\/\/api.w.org\/{rel}","templated":true}]}}