{"id":2869,"date":"2022-09-11T22:54:01","date_gmt":"2022-09-11T20:54:01","guid":{"rendered":"https:\/\/www.kessydocs.de\/elv-porsche-997-987-caymen\/"},"modified":"2024-12-15T12:13:18","modified_gmt":"2024-12-15T11:13:18","slug":"elv-porsche-997-987-caymen","status":"publish","type":"page","link":"https:\/\/www.kessydocs.de\/es\/elv-porsche-997-987-caymen\/","title":{"rendered":"ELV Porsche 997\/987\/Caymen"},"content":{"rendered":"<p>En el Porsche 997 \/ 987 \/ Caymen, una de las causas m\u00e1s comunes para que el encendido no se encienda es un bloqueo de la columna de direcci\u00f3n (ELV) defectuoso.&nbsp;<\/p>\n\n<figure class=\"wp-block-image size-full is-resized\"><img loading=\"lazy\" decoding=\"async\" width=\"858\" height=\"1000\" src=\"https:\/\/www.kessydocs.de\/wp-content\/uploads\/2022\/09\/997_elv1.jpg\" alt=\"\" class=\"wp-image-2603\" style=\"width:192px;height:224px\" srcset=\"https:\/\/www.kessydocs.de\/wp-content\/uploads\/2022\/09\/997_elv1.jpg 858w, https:\/\/www.kessydocs.de\/wp-content\/uploads\/2022\/09\/997_elv1-257x300.jpg 257w, https:\/\/www.kessydocs.de\/wp-content\/uploads\/2022\/09\/997_elv1-768x895.jpg 768w, https:\/\/www.kessydocs.de\/wp-content\/uploads\/2022\/09\/997_elv1-600x699.jpg 600w\" sizes=\"auto, (max-width: 858px) 100vw, 858px\" \/><\/figure>\n<p>Esto siempre tiene el efecto de que no se puede conectar el encendido y el coche no arranca.<\/p>\n<p>Estos motores tienen uno de los siguientes n\u00fameros de pieza :  <\/p>\n<p>99761815800, 99761815801, 99761815802, 99761815803, 99761815804<\/p>\n<p>En algunos veh\u00edculos, este error mostrar\u00e1 entonces \u00abdirecci\u00f3n defectuosa\u00bb o \u00abdirecci\u00f3n bloqueada\u00bb o algo parecido en la pantalla del veloc\u00edmetro \u00ab.  <\/p>\n<p><img loading=\"lazy\" decoding=\"async\" class=\"alignnone wp-image-2602\" src=\"https:\/\/www.kessydocs.de\/wp-content\/uploads\/2022\/09\/997_elv_fehler-300x139.jpg\" alt=\"\" width=\"371\" height=\"172\" srcset=\"https:\/\/www.kessydocs.de\/wp-content\/uploads\/2022\/09\/997_elv_fehler-300x139.jpg 300w, https:\/\/www.kessydocs.de\/wp-content\/uploads\/2022\/09\/997_elv_fehler-768x355.jpg 768w, https:\/\/www.kessydocs.de\/wp-content\/uploads\/2022\/09\/997_elv_fehler-600x277.jpg 600w, https:\/\/www.kessydocs.de\/wp-content\/uploads\/2022\/09\/997_elv_fehler.jpg 1000w\" sizes=\"auto, (max-width: 371px) 100vw, 371px\" \/><\/p>\n<p>Sin embargo, lamentablemente, en algunos veh\u00edculos tampoco es as\u00ed. Entonces no ocurre nada cuando se gira la llave para conectar el encendido.<\/p>\n<p>Estos motores no son motores puros, sino actuadores con unidad de control integrada.<\/p>\n<p>Si se intenta accionar un dispositivo de este tipo sin adaptarlo al coche, el inmovilizador estar\u00e1 activo y no se podr\u00e1 conectar el encendido.<\/p>\n<p>Para montar una cerradura de columna de direcci\u00f3n usada en su veh\u00edculo, deber\u00e1 enviarnos el motor de la cerradura de columna de direcci\u00f3n antigua o la columna de direcci\u00f3n completa, al menos una llave de contacto y la unidad de control de la alarma ( PAS ).<\/p>\n<p>El antiguo motor de bloqueo de la columna de direcci\u00f3n debe ser desmontado para leer los datos, \u00a1es inutilizable despu\u00e9s de este procedimiento!<\/p>\n<p>Si tienes alguna pregunta, utiliza el <span style=\"color: #ffff00;\"><a style=\"color: #ffff00;\" href=\"https:\/\/www.kessydocs.de\/es\/formulario-de-contacto\/\">formulario de contacto<\/a>.<\/span><\/p>\n","protected":false},"excerpt":{"rendered":"<p>En el Porsche 997 \/ 987 \/ Caymen, una de las causas m\u00e1s comunes para que el encendido no se encienda es un bloqueo de la columna de direcci\u00f3n (ELV) defectuoso.&nbsp; Esto siempre tiene el efecto de que no se puede conectar el encendido y el coche no arranca. Estos motores tienen uno de los [&hellip;]<\/p>\n","protected":false},"author":1,"featured_media":0,"parent":0,"menu_order":0,"comment_status":"closed","ping_status":"open","template":"","meta":{"_crdt_document":"","footnotes":""},"class_list":["post-2869","page","type-page","status-publish","hentry"],"_links":{"self":[{"href":"https:\/\/www.kessydocs.de\/es\/wp-json\/wp\/v2\/pages\/2869","targetHints":{"allow":["GET"]}}],"collection":[{"href":"https:\/\/www.kessydocs.de\/es\/wp-json\/wp\/v2\/pages"}],"about":[{"href":"https:\/\/www.kessydocs.de\/es\/wp-json\/wp\/v2\/types\/page"}],"author":[{"embeddable":true,"href":"https:\/\/www.kessydocs.de\/es\/wp-json\/wp\/v2\/users\/1"}],"replies":[{"embeddable":true,"href":"https:\/\/www.kessydocs.de\/es\/wp-json\/wp\/v2\/comments?post=2869"}],"version-history":[{"count":3,"href":"https:\/\/www.kessydocs.de\/es\/wp-json\/wp\/v2\/pages\/2869\/revisions"}],"predecessor-version":[{"id":3062,"href":"https:\/\/www.kessydocs.de\/es\/wp-json\/wp\/v2\/pages\/2869\/revisions\/3062"}],"wp:attachment":[{"href":"https:\/\/www.kessydocs.de\/es\/wp-json\/wp\/v2\/media?parent=2869"}],"curies":[{"name":"wp","href":"https:\/\/api.w.org\/{rel}","templated":true}]}}