{"id":2887,"date":"2021-06-28T17:14:29","date_gmt":"2021-06-28T15:14:29","guid":{"rendered":"https:\/\/www.kessydocs.de\/touareg-cayenne-audi-a8-bentley-contiental-bloqueo-de-la-columna-de-direccion\/"},"modified":"2024-12-15T12:16:24","modified_gmt":"2024-12-15T11:16:24","slug":"touareg-cayenne-audi-a8-bentley-contiental-bloqueo-de-la-columna-de-direccion","status":"publish","type":"page","link":"https:\/\/www.kessydocs.de\/es\/touareg-cayenne-audi-a8-bentley-contiental-bloqueo-de-la-columna-de-direccion\/","title":{"rendered":"Touareg, Cayenne, Audi A8, Bentley Contiental Bloqueo de la columna de direcci\u00f3n"},"content":{"rendered":"<p>En el VW Touareg \/ Phaeton, el Porsche Cayenne, el Audi A8 y el Bentley Continental, una de las causas m\u00e1s comunes de que no se conecte el encendido es un bloqueo defectuoso de la columna de direcci\u00f3n (N360).&nbsp;<\/p>\n\n<figure class=\"wp-block-image size-large is-resized\"><img loading=\"lazy\" decoding=\"async\" width=\"1024\" height=\"774\" src=\"https:\/\/www.kessydocs.de\/wp-content\/uploads\/2021\/06\/N360-1-1024x774.jpg\" alt=\"\" class=\"wp-image-2504\" style=\"width:357px;height:269px\" srcset=\"https:\/\/www.kessydocs.de\/wp-content\/uploads\/2021\/06\/N360-1-1024x774.jpg 1024w, https:\/\/www.kessydocs.de\/wp-content\/uploads\/2021\/06\/N360-1-300x227.jpg 300w, https:\/\/www.kessydocs.de\/wp-content\/uploads\/2021\/06\/N360-1-768x580.jpg 768w, https:\/\/www.kessydocs.de\/wp-content\/uploads\/2021\/06\/N360-1-600x453.jpg 600w, https:\/\/www.kessydocs.de\/wp-content\/uploads\/2021\/06\/N360-1-79x60.jpg 79w, https:\/\/www.kessydocs.de\/wp-content\/uploads\/2021\/06\/N360-1-119x90.jpg 119w, https:\/\/www.kessydocs.de\/wp-content\/uploads\/2021\/06\/N360-1.jpg 1100w\" sizes=\"auto, (max-width: 1024px) 100vw, 1024px\" \/><\/figure>\n<\/p>\n<p>Esto siempre tiene el efecto de que no se puede conectar el encendido y el coche no arranca.<\/p>\n<p>Estos motores tienen uno de los siguientes n\u00fameros de pieza :&nbsp;<\/p>\n<p>4E0905852A, 4E0905852B, 4E0905852C, 4E0905852D, 4E0905852E o 4E0905852F<\/p>\n<p>y se encuentran entre otros en las cajas de direcci\u00f3n con los n\u00fameros de parte :<\/p>\n<p>7L0419501CD, 7L0419501CE, 7L0419501CK, 7L0419501CL, 7L0419501CF, 7L0419501CG, 7L0419501CH, 7L0419501CJ, 7L0419501AB, 7L0419501AD, 7L0419501AE, 7L0419501AN, 7L0419501AR, 7L0419501AM,<\/p>\n<p>7L0419501AS, 7L0419501AT 7L0419501BA, 7L0419501BB, 7L0419501BC, 7L0419501BD, 7L0419501BE, 7L0419501BF, 7L0419501BG, 7L0419501BH 7L0419501BJ, 7L0419501BK, 7L0419501BL, 7L0419501BR,<\/p>\n<p>7L0419501BS, 7L0419501BA, 3D1419501AF, 3D1419501AA, 3D1419501AJ, 3D1419501AB, 3D1419501AC, 3D1419501AE, 3D1419501AG, 3D1419501G, 3D1419501J, 3D1419501Q, 3D1419501H, 3D1419501D, 3D1419501E,<\/p>\n<p>3D1419501T, 4E0419512C, 4E0419512CV, 4E0419512CX, 4E0419512G, 4E0419512GV, 4E0419512GX, 4E0419512A, 4E0419512AX 4E0419512B, 4E0419512BX, 4E0419512D, 4E0419512DX, 4E0419512E, 4E0419512EX<\/p>\n<p>obstruido.<\/p>\n<p>En algunos veh\u00edculos, este error aparece en la pantalla del veloc\u00edmetro como \u00abdirecci\u00f3n defectuosa o algo as\u00ed\u00bb.&nbsp;<\/p><\/p>\n\n<figure class=\"wp-block-gallery has-nested-images columns-5 is-cropped wp-block-gallery-1 is-layout-flex wp-block-gallery-is-layout-flex\">\n<figure class=\"wp-block-image size-full\"><a href=\"https:\/\/www.kessydocs.de\/wp-content\/uploads\/2021\/06\/20210604_111423-1.jpg\"><img loading=\"lazy\" decoding=\"async\" width=\"1004\" height=\"452\" data-id=\"2510\" src=\"https:\/\/www.kessydocs.de\/wp-content\/uploads\/2021\/06\/20210604_111423-1.jpg\" alt=\"\" class=\"wp-image-2510\" srcset=\"https:\/\/www.kessydocs.de\/wp-content\/uploads\/2021\/06\/20210604_111423-1.jpg 1004w, https:\/\/www.kessydocs.de\/wp-content\/uploads\/2021\/06\/20210604_111423-1-300x135.jpg 300w, https:\/\/www.kessydocs.de\/wp-content\/uploads\/2021\/06\/20210604_111423-1-768x346.jpg 768w, https:\/\/www.kessydocs.de\/wp-content\/uploads\/2021\/06\/20210604_111423-1-600x270.jpg 600w, https:\/\/www.kessydocs.de\/wp-content\/uploads\/2021\/06\/20210604_111423-1-133x60.jpg 133w, https:\/\/www.kessydocs.de\/wp-content\/uploads\/2021\/06\/20210604_111423-1-200x90.jpg 200w\" sizes=\"auto, (max-width: 1004px) 100vw, 1004px\" \/><\/a><\/figure>\n\n\n\n<figure class=\"wp-block-image size-full\"><a href=\"https:\/\/www.kessydocs.de\/wp-content\/uploads\/2021\/06\/20210604_111020-1.jpg\"><img loading=\"lazy\" decoding=\"async\" width=\"1004\" height=\"452\" data-id=\"2507\" src=\"https:\/\/www.kessydocs.de\/wp-content\/uploads\/2021\/06\/20210604_111020-1.jpg\" alt=\"\" class=\"wp-image-2507\" srcset=\"https:\/\/www.kessydocs.de\/wp-content\/uploads\/2021\/06\/20210604_111020-1.jpg 1004w, https:\/\/www.kessydocs.de\/wp-content\/uploads\/2021\/06\/20210604_111020-1-300x135.jpg 300w, https:\/\/www.kessydocs.de\/wp-content\/uploads\/2021\/06\/20210604_111020-1-768x346.jpg 768w, https:\/\/www.kessydocs.de\/wp-content\/uploads\/2021\/06\/20210604_111020-1-600x270.jpg 600w, https:\/\/www.kessydocs.de\/wp-content\/uploads\/2021\/06\/20210604_111020-1-133x60.jpg 133w, https:\/\/www.kessydocs.de\/wp-content\/uploads\/2021\/06\/20210604_111020-1-200x90.jpg 200w\" sizes=\"auto, (max-width: 1004px) 100vw, 1004px\" \/><\/a><\/figure>\n\n\n\n<figure class=\"wp-block-image size-full\"><a href=\"https:\/\/www.kessydocs.de\/wp-content\/uploads\/2021\/06\/20210604_111702-1.jpg\"><img loading=\"lazy\" decoding=\"async\" width=\"1004\" height=\"452\" data-id=\"2511\" src=\"https:\/\/www.kessydocs.de\/wp-content\/uploads\/2021\/06\/20210604_111702-1.jpg\" alt=\"\" class=\"wp-image-2511\" srcset=\"https:\/\/www.kessydocs.de\/wp-content\/uploads\/2021\/06\/20210604_111702-1.jpg 1004w, https:\/\/www.kessydocs.de\/wp-content\/uploads\/2021\/06\/20210604_111702-1-300x135.jpg 300w, https:\/\/www.kessydocs.de\/wp-content\/uploads\/2021\/06\/20210604_111702-1-768x346.jpg 768w, https:\/\/www.kessydocs.de\/wp-content\/uploads\/2021\/06\/20210604_111702-1-600x270.jpg 600w, https:\/\/www.kessydocs.de\/wp-content\/uploads\/2021\/06\/20210604_111702-1-133x60.jpg 133w, https:\/\/www.kessydocs.de\/wp-content\/uploads\/2021\/06\/20210604_111702-1-200x90.jpg 200w\" sizes=\"auto, (max-width: 1004px) 100vw, 1004px\" \/><\/a><\/figure>\n\n\n\n<figure class=\"wp-block-image size-full\"><a href=\"https:\/\/www.kessydocs.de\/wp-content\/uploads\/2021\/06\/20210604_110747-1.jpg\"><img loading=\"lazy\" decoding=\"async\" width=\"1004\" height=\"452\" data-id=\"2508\" src=\"https:\/\/www.kessydocs.de\/wp-content\/uploads\/2021\/06\/20210604_110747-1.jpg\" alt=\"\" class=\"wp-image-2508\" srcset=\"https:\/\/www.kessydocs.de\/wp-content\/uploads\/2021\/06\/20210604_110747-1.jpg 1004w, https:\/\/www.kessydocs.de\/wp-content\/uploads\/2021\/06\/20210604_110747-1-300x135.jpg 300w, https:\/\/www.kessydocs.de\/wp-content\/uploads\/2021\/06\/20210604_110747-1-768x346.jpg 768w, https:\/\/www.kessydocs.de\/wp-content\/uploads\/2021\/06\/20210604_110747-1-600x270.jpg 600w, https:\/\/www.kessydocs.de\/wp-content\/uploads\/2021\/06\/20210604_110747-1-133x60.jpg 133w, https:\/\/www.kessydocs.de\/wp-content\/uploads\/2021\/06\/20210604_110747-1-200x90.jpg 200w\" sizes=\"auto, (max-width: 1004px) 100vw, 1004px\" \/><\/a><\/figure>\n\n\n\n<figure class=\"wp-block-image size-full\"><a href=\"https:\/\/www.kessydocs.de\/wp-content\/uploads\/2021\/06\/20210604_111403-1.jpg\"><img loading=\"lazy\" decoding=\"async\" width=\"1004\" height=\"452\" data-id=\"2509\" src=\"https:\/\/www.kessydocs.de\/wp-content\/uploads\/2021\/06\/20210604_111403-1.jpg\" alt=\"\" class=\"wp-image-2509\" srcset=\"https:\/\/www.kessydocs.de\/wp-content\/uploads\/2021\/06\/20210604_111403-1.jpg 1004w, https:\/\/www.kessydocs.de\/wp-content\/uploads\/2021\/06\/20210604_111403-1-300x135.jpg 300w, https:\/\/www.kessydocs.de\/wp-content\/uploads\/2021\/06\/20210604_111403-1-768x346.jpg 768w, https:\/\/www.kessydocs.de\/wp-content\/uploads\/2021\/06\/20210604_111403-1-600x270.jpg 600w, https:\/\/www.kessydocs.de\/wp-content\/uploads\/2021\/06\/20210604_111403-1-133x60.jpg 133w, https:\/\/www.kessydocs.de\/wp-content\/uploads\/2021\/06\/20210604_111403-1-200x90.jpg 200w\" sizes=\"auto, (max-width: 1004px) 100vw, 1004px\" \/><\/a><\/figure>\n\n\n\n<figure class=\"wp-block-image size-full\"><a href=\"https:\/\/www.kessydocs.de\/wp-content\/uploads\/2021\/06\/20210604_110907-1.jpg\"><img loading=\"lazy\" decoding=\"async\" width=\"1004\" height=\"452\" data-id=\"2506\" src=\"https:\/\/www.kessydocs.de\/wp-content\/uploads\/2021\/06\/20210604_110907-1.jpg\" alt=\"\" class=\"wp-image-2506\" srcset=\"https:\/\/www.kessydocs.de\/wp-content\/uploads\/2021\/06\/20210604_110907-1.jpg 1004w, https:\/\/www.kessydocs.de\/wp-content\/uploads\/2021\/06\/20210604_110907-1-300x135.jpg 300w, https:\/\/www.kessydocs.de\/wp-content\/uploads\/2021\/06\/20210604_110907-1-768x346.jpg 768w, https:\/\/www.kessydocs.de\/wp-content\/uploads\/2021\/06\/20210604_110907-1-600x270.jpg 600w, https:\/\/www.kessydocs.de\/wp-content\/uploads\/2021\/06\/20210604_110907-1-133x60.jpg 133w, https:\/\/www.kessydocs.de\/wp-content\/uploads\/2021\/06\/20210604_110907-1-200x90.jpg 200w\" sizes=\"auto, (max-width: 1004px) 100vw, 1004px\" \/><\/a><\/figure>\n<figcaption class=\"blocks-gallery-caption wp-element-caption\">Indicaciones de error<\/figcaption><\/figure>\n<p>Sin embargo, con algunos veh\u00edculos, lamentablemente no. Entonces no ocurre nada cuando se gira la llave para conectar el encendido (esto suele ocurrir con el A8 y el VW Phaeton \/ Touareg despu\u00e9s del facelift).<\/p>\n<p>Estos motores no son motores puros, sino actuadores con unidad de control integrada.<\/p>\n<p>Normalmente, estos dispositivos s\u00f3lo se pueden ense\u00f1ar una vez, es decir, no se pueden sustituir simplemente y el coche arrancar\u00eda.<\/p>\n<p>Si se intenta accionar un dispositivo de este tipo sin adaptarlo al coche, el inmovilizador estar\u00e1 activo y no se podr\u00e1 conectar el encendido.<\/p>\n<p>Para montar una cerradura de columna de direcci\u00f3n usada en su veh\u00edculo, tendr\u00eda que enviarnos el motor de la cerradura de columna de direcci\u00f3n antigua o la columna de direcci\u00f3n completa, al menos una llave de contacto y la unidad de control FBS\/Kessy.<\/p>\n<p>Si un taller ya ha intentado ajustar algo en el veh\u00edculo, tambi\u00e9n necesitamos la unidad de control del motor o, en el caso de veh\u00edculos con dos unidades de control del motor, una de las unidades de control del motor.<\/p>\n<p>El antiguo motor de bloqueo de la columna de direcci\u00f3n debe ser desmontado para leer los datos, \u00a1es inutilizable despu\u00e9s de este procedimiento!<\/p>\n<p>Si tienes alguna pregunta, utiliza el <span style=\"color: #ffff00;\"><a style=\"color: #ffff00;\" href=\"https:\/\/www.kessydocs.de\/es\/formulario-de-contacto\/\">formulario de contacto<\/a>.<\/span><\/p>\n","protected":false},"excerpt":{"rendered":"<p>En el VW Touareg \/ Phaeton, el Porsche Cayenne, el Audi A8 y el Bentley Continental, una de las causas m\u00e1s comunes de que no se conecte el encendido es un bloqueo defectuoso de la columna de direcci\u00f3n (N360).&nbsp; Esto siempre tiene el efecto de que no se puede conectar el encendido y el coche [&hellip;]<\/p>\n","protected":false},"author":1,"featured_media":0,"parent":0,"menu_order":0,"comment_status":"closed","ping_status":"open","template":"","meta":{"_crdt_document":"","footnotes":""},"class_list":["post-2887","page","type-page","status-publish","hentry"],"_links":{"self":[{"href":"https:\/\/www.kessydocs.de\/es\/wp-json\/wp\/v2\/pages\/2887","targetHints":{"allow":["GET"]}}],"collection":[{"href":"https:\/\/www.kessydocs.de\/es\/wp-json\/wp\/v2\/pages"}],"about":[{"href":"https:\/\/www.kessydocs.de\/es\/wp-json\/wp\/v2\/types\/page"}],"author":[{"embeddable":true,"href":"https:\/\/www.kessydocs.de\/es\/wp-json\/wp\/v2\/users\/1"}],"replies":[{"embeddable":true,"href":"https:\/\/www.kessydocs.de\/es\/wp-json\/wp\/v2\/comments?post=2887"}],"version-history":[{"count":2,"href":"https:\/\/www.kessydocs.de\/es\/wp-json\/wp\/v2\/pages\/2887\/revisions"}],"predecessor-version":[{"id":3073,"href":"https:\/\/www.kessydocs.de\/es\/wp-json\/wp\/v2\/pages\/2887\/revisions\/3073"}],"wp:attachment":[{"href":"https:\/\/www.kessydocs.de\/es\/wp-json\/wp\/v2\/media?parent=2887"}],"curies":[{"name":"wp","href":"https:\/\/api.w.org\/{rel}","templated":true}]}}