{"id":2907,"date":"2022-09-11T22:53:16","date_gmt":"2022-09-11T20:53:16","guid":{"rendered":"https:\/\/www.kessydocs.de\/unidad-de-control-de-la-alarma-porsche-996-986\/"},"modified":"2024-12-15T12:14:23","modified_gmt":"2024-12-15T11:14:23","slug":"unidad-de-control-de-la-alarma-porsche-996-986","status":"publish","type":"page","link":"https:\/\/www.kessydocs.de\/es\/unidad-de-control-de-la-alarma-porsche-996-986\/","title":{"rendered":"Unidad de control de la alarma Porsche 996 \/ 986"},"content":{"rendered":"<p>En el caso del Porsche 986 \/ 996, una de las principales causas de aver\u00eda son los da\u00f1os causados por el agua en la unidad.&nbsp; <\/p>\n\n<figure class=\"wp-block-image size-large is-resized\"><img loading=\"lazy\" decoding=\"async\" width=\"1024\" height=\"768\" src=\"https:\/\/www.kessydocs.de\/wp-content\/uploads\/2021\/06\/20160808_064254_web-1.jpg\" alt=\"\" class=\"wp-image-2581\" style=\"width:512px;height:384px\" srcset=\"https:\/\/www.kessydocs.de\/wp-content\/uploads\/2021\/06\/20160808_064254_web-1.jpg 1024w, https:\/\/www.kessydocs.de\/wp-content\/uploads\/2021\/06\/20160808_064254_web-1-300x225.jpg 300w, https:\/\/www.kessydocs.de\/wp-content\/uploads\/2021\/06\/20160808_064254_web-1-768x576.jpg 768w, https:\/\/www.kessydocs.de\/wp-content\/uploads\/2021\/06\/20160808_064254_web-1-600x450.jpg 600w, https:\/\/www.kessydocs.de\/wp-content\/uploads\/2021\/06\/20160808_064254_web-1-80x60.jpg 80w, https:\/\/www.kessydocs.de\/wp-content\/uploads\/2021\/06\/20160808_064254_web-1-120x90.jpg 120w\" sizes=\"auto, (max-width: 1024px) 100vw, 1024px\" \/><\/figure>\n<p>En caso de da\u00f1os por agua, a veces fallan funciones individuales, pero a menudo todo el aparato.<\/p>\n<p>Si el coche todav\u00eda se puede arrancar con el dispositivo y s\u00f3lo han fallado funciones individuales como el cierre centralizado, entonces podemos intentar reparar este da\u00f1o.<\/p>\n<p>Si la aver\u00eda no se puede reparar o el coche ya no se puede arrancar con el dispositivo, muy a menudo todav\u00eda existe la posibilidad de, al menos, leer la codificaci\u00f3n del dispositivo antiguo para luego codificar un nuevo dispositivo con el mismo n\u00famero de pieza.<\/p>\n<p>El nuevo dispositivo funcionar\u00eda entonces con las antiguas llaves de su coche. Al igual que la antigua unidad antes de los da\u00f1os por agua.<\/p>\n<p>Un segundo error que se produce con bastante frecuencia es el fallo de las teclas de radio; actualmente no podemos rectificar\/probar este error.<\/p>\n<p>Si tienes alguna pregunta, utiliza el <span style=\"color: #ffff00;\"><a style=\"color: #ffff00;\" href=\"https:\/\/www.kessydocs.de\/es\/formulario-de-contacto\/\">formulario de contacto<\/a>.<\/span><\/p>\n","protected":false},"excerpt":{"rendered":"<p>En el caso del Porsche 986 \/ 996, una de las principales causas de aver\u00eda son los da\u00f1os causados por el agua en la unidad.&nbsp; En caso de da\u00f1os por agua, a veces fallan funciones individuales, pero a menudo todo el aparato. Si el coche todav\u00eda se puede arrancar con el dispositivo y s\u00f3lo han [&hellip;]<\/p>\n","protected":false},"author":1,"featured_media":0,"parent":0,"menu_order":0,"comment_status":"closed","ping_status":"open","template":"","meta":{"_crdt_document":"","footnotes":""},"class_list":["post-2907","page","type-page","status-publish","hentry"],"_links":{"self":[{"href":"https:\/\/www.kessydocs.de\/es\/wp-json\/wp\/v2\/pages\/2907","targetHints":{"allow":["GET"]}}],"collection":[{"href":"https:\/\/www.kessydocs.de\/es\/wp-json\/wp\/v2\/pages"}],"about":[{"href":"https:\/\/www.kessydocs.de\/es\/wp-json\/wp\/v2\/types\/page"}],"author":[{"embeddable":true,"href":"https:\/\/www.kessydocs.de\/es\/wp-json\/wp\/v2\/users\/1"}],"replies":[{"embeddable":true,"href":"https:\/\/www.kessydocs.de\/es\/wp-json\/wp\/v2\/comments?post=2907"}],"version-history":[{"count":2,"href":"https:\/\/www.kessydocs.de\/es\/wp-json\/wp\/v2\/pages\/2907\/revisions"}],"predecessor-version":[{"id":3067,"href":"https:\/\/www.kessydocs.de\/es\/wp-json\/wp\/v2\/pages\/2907\/revisions\/3067"}],"wp:attachment":[{"href":"https:\/\/www.kessydocs.de\/es\/wp-json\/wp\/v2\/media?parent=2907"}],"curies":[{"name":"wp","href":"https:\/\/api.w.org\/{rel}","templated":true}]}}