{"id":2916,"date":"2021-06-28T19:42:38","date_gmt":"2021-06-28T17:42:38","guid":{"rendered":"https:\/\/www.kessydocs.de\/unidades-de-control-del-touareg-cayenne-audi-a8-bentley-contiental-kessy-fbs\/"},"modified":"2024-12-15T12:10:35","modified_gmt":"2024-12-15T11:10:35","slug":"unidades-de-control-del-touareg-cayenne-audi-a8-bentley-contiental-kessy-fbs","status":"publish","type":"page","link":"https:\/\/www.kessydocs.de\/es\/unidades-de-control-del-touareg-cayenne-audi-a8-bentley-contiental-kessy-fbs\/","title":{"rendered":"Unidades de control del Touareg, Cayenne, Audi A8, Bentley Contiental Kessy\/Fbs"},"content":{"rendered":"\n<figure class=\"wp-block-image size-large\"><img loading=\"lazy\" decoding=\"async\" width=\"640\" height=\"480\" src=\"https:\/\/www.kessydocs.de\/wp-content\/uploads\/2021\/05\/kessy_wasser.jpg\" alt=\"\" class=\"wp-image-2373\" srcset=\"https:\/\/www.kessydocs.de\/wp-content\/uploads\/2021\/05\/kessy_wasser.jpg 640w, https:\/\/www.kessydocs.de\/wp-content\/uploads\/2021\/05\/kessy_wasser-300x225.jpg 300w, https:\/\/www.kessydocs.de\/wp-content\/uploads\/2021\/05\/kessy_wasser-600x450.jpg 600w, https:\/\/www.kessydocs.de\/wp-content\/uploads\/2021\/05\/kessy_wasser-80x60.jpg 80w, https:\/\/www.kessydocs.de\/wp-content\/uploads\/2021\/05\/kessy_wasser-120x90.jpg 120w\" sizes=\"auto, (max-width: 640px) 100vw, 640px\" \/><\/figure>\n<p>La aver\u00eda m\u00e1s com\u00fan de los VW Phaetons \/ Audi A8 y Bentley Cntinental son los da\u00f1os por agua en los dispositivos.  <\/p>\n<p>Esto hace que la unidad no responda y no se pueda conectar el encendido del veh\u00edculo.<\/p>\n<p>Aunque las unidades no se parezcan a la unidad de la foto de ejemplo debido a los intentos de limpieza, normalmente no se pueden reparar.<\/p>\n<p>Sin embargo, normalmente podemos leer los datos de las unidades con este aspecto para codificar una unidad con el mismo n\u00famero de pieza.<\/p>\n<p>A continuaci\u00f3n, la unidad de sustituci\u00f3n puede instalarse en el veh\u00edculo \u00abplug and play\u00bb, es decir, sin ning\u00fan trabajo de codificaci\u00f3n adicional.<\/p>\n<p>Las llaves antiguas se reconocen, la columna de direcci\u00f3n se bloquea y desbloquea de nuevo como de costumbre y se puede conectar el encendido.<\/p>\n<p>Normalmente necesitamos un d\u00eda laborable para rescatar los datos y codificar el nuevo dispositivo.<\/p>\n<p>Estas unidades de control est\u00e1n disponibles en dos versiones. Por un lado, hay dispositivos que s\u00f3lo contienen el inmovilizador del veh\u00edculo, o por otro lado, hay dispositivos que tambi\u00e9n asumen el control de la funci\u00f3n de ir sin llave.<\/p>\n<p>Estas unidades de control suelen tener una de las siguientes referencias:<\/p>\n<p>3d0909135Q, 3d0909135L, 3d0909135C, 3d0909135F, 3D0909135LX 3D0909135QX 3D0909137X 3D0909137BX 3D0909137DX 3D0909137D 3D0909137FX 3D0909137F, 3D0909137G, 3D0909137Gx , 4e0909131K, 4e0909131Kx, 4e0909131C, 4e0909131Cx, 4e0909131L, 4e0909131Lx, 4e0907181A, 4e0907181Ax<\/p>\n<p>Es muy probable que se rompan si una de las asas del veh\u00edculo tiene un defecto\/cortocircuito, o si las antenas est\u00e1n defectuosas. Esto hace que la funci\u00f3n de lectura sin llave falle.<\/p>\n<p>Esto significa que no es posible reconocer la llave cuando se pulsa el bot\u00f3n de arranque y no es posible bloquear\/desbloquear el coche tocando las empu\u00f1aduras sin desbloquearlo antes.  <\/p>\n<p> En la memoria de aver\u00edas de los aparatos suele almacenarse la siguiente aver\u00eda: 00003 &#8211; M\u00f3dulo de control 012 &#8211; Aver\u00eda el\u00e9ctrica en el circuito o: 00003 &#8211; M\u00f3dulo de control 012 &#8211; Aver\u00eda el\u00e9ctrica en el circuito<\/p>\n<p>Uno de los fallos subsiguientes es que los aparatos consumen una cantidad relativamente grande de energ\u00eda y no pasan al modo de espera. Esto significa que la bater\u00eda del veh\u00edculo se vac\u00eda en pocos d\u00edas.  <\/p>\n<p>Por regla general, podemos reparar los aparatos con esta aver\u00eda, no necesariamente tienen que ser sustituidos.<\/p>\n<p>Una vez que haya recibido las unidades de nosotros, es aconsejable leer la memoria de errores una vez para determinar qu\u00e9 manijas \/ qu\u00e9 antenas son defectuosas.<\/p>\n<p>Si no se sustituyen estas asas\/antenas o al menos se desconectan, las unidades de control pueden volver a da\u00f1arse.<\/p>\n<p>Si tienes alguna pregunta, utiliza el <span style=\"color: #ffff00;\"><a style=\"color: #ffff00;\" href=\"https:\/\/www.kessydocs.de\/es\/formulario-de-contacto\/\">formulario de contacto<\/a>.<\/span><\/p>\n<div class=\"block-list-appender wp-block\" tabindex=\"-1\">\n<div class=\"components-dropdown block-editor-inserter\"> <\/div>\n<\/div>\n","protected":false},"excerpt":{"rendered":"<p>La aver\u00eda m\u00e1s com\u00fan de los VW Phaetons \/ Audi A8 y Bentley Cntinental son los da\u00f1os por agua en los dispositivos. Esto hace que la unidad no responda y no se pueda conectar el encendido del veh\u00edculo. Aunque las unidades no se parezcan a la unidad de la foto de ejemplo debido a los [&hellip;]<\/p>\n","protected":false},"author":1,"featured_media":0,"parent":0,"menu_order":0,"comment_status":"closed","ping_status":"open","template":"","meta":{"_crdt_document":"","footnotes":""},"class_list":["post-2916","page","type-page","status-publish","hentry"],"_links":{"self":[{"href":"https:\/\/www.kessydocs.de\/es\/wp-json\/wp\/v2\/pages\/2916","targetHints":{"allow":["GET"]}}],"collection":[{"href":"https:\/\/www.kessydocs.de\/es\/wp-json\/wp\/v2\/pages"}],"about":[{"href":"https:\/\/www.kessydocs.de\/es\/wp-json\/wp\/v2\/types\/page"}],"author":[{"embeddable":true,"href":"https:\/\/www.kessydocs.de\/es\/wp-json\/wp\/v2\/users\/1"}],"replies":[{"embeddable":true,"href":"https:\/\/www.kessydocs.de\/es\/wp-json\/wp\/v2\/comments?post=2916"}],"version-history":[{"count":2,"href":"https:\/\/www.kessydocs.de\/es\/wp-json\/wp\/v2\/pages\/2916\/revisions"}],"predecessor-version":[{"id":3047,"href":"https:\/\/www.kessydocs.de\/es\/wp-json\/wp\/v2\/pages\/2916\/revisions\/3047"}],"wp:attachment":[{"href":"https:\/\/www.kessydocs.de\/es\/wp-json\/wp\/v2\/media?parent=2916"}],"curies":[{"name":"wp","href":"https:\/\/api.w.org\/{rel}","templated":true}]}}