{"id":2825,"date":"2021-06-03T13:43:30","date_gmt":"2021-06-03T11:43:30","guid":{"rendered":"https:\/\/www.kessydocs.de\/bienvenue-chez-kessydocs\/"},"modified":"2024-12-15T12:24:17","modified_gmt":"2024-12-15T11:24:17","slug":"bienvenue-chez-kessydocs","status":"publish","type":"page","link":"https:\/\/www.kessydocs.de\/fr\/","title":{"rendered":"Bienvenue chez KessyDocs"},"content":{"rendered":"\n<p class=\"has-gray-color has-text-color wp-block-paragraph\" style=\"line-height:2.1\">Nous sommes une entreprise sp\u00e9cialis\u00e9e dans les syst\u00e8mes d&rsquo;antid\u00e9marrage pour VW Phaeton \/ Touareg, Porsche Cayenne, Porsche 996, 986, 997, 987, 970, 971, 991, 981, Bentley Continental et Audi A8.  <\/p>\n\n<p class=\"wp-block-paragraph\"><\/p>\n\n<figure class=\"wp-block-image size-large is-resized\"><img loading=\"lazy\" decoding=\"async\" width=\"640\" height=\"480\" src=\"https:\/\/www.kessydocs.de\/wp-content\/uploads\/2021\/05\/kessy_wasser.jpg\" alt=\"\" class=\"wp-image-2373\" style=\"width:312px;height:234px\" srcset=\"https:\/\/www.kessydocs.de\/wp-content\/uploads\/2021\/05\/kessy_wasser.jpg 640w, https:\/\/www.kessydocs.de\/wp-content\/uploads\/2021\/05\/kessy_wasser-300x225.jpg 300w, https:\/\/www.kessydocs.de\/wp-content\/uploads\/2021\/05\/kessy_wasser-600x450.jpg 600w, https:\/\/www.kessydocs.de\/wp-content\/uploads\/2021\/05\/kessy_wasser-80x60.jpg 80w, https:\/\/www.kessydocs.de\/wp-content\/uploads\/2021\/05\/kessy_wasser-120x90.jpg 120w\" sizes=\"auto, (max-width: 640px) 100vw, 640px\" \/><\/figure>\n\n<p class=\"has-gray-color has-text-color wp-block-paragraph\" style=\"line-height:2\">M\u00eame pour les appareils qui en ont l&rsquo;apparence, il y a de fortes chances que nous puissions extraire les donn\u00e9es de l&rsquo;antid\u00e9marrage pour ensuite fabriquer un appareil cod\u00e9 pr\u00eat \u00e0 l&#8217;emploi pour vous.  <\/p>\n\n<p class=\"wp-block-paragraph\"><\/p>\n\n<p class=\"wp-block-paragraph\">N&rsquo;h\u00e9sitez pas non plus \u00e0 nous contacter pour les calculateurs moteur avec logiciel sp\u00e9cial qui sont d\u00e9fectueux. Il est \u00e9ventuellement possible de r\u00e9cup\u00e9rer les donn\u00e9es de ces appareils pour les \u00e9crire ensuite dans un appareil de construction identique.  <br\/><br\/>Si vous avez des questions, veuillez utiliser notre <span style=\"color: #ffff00;\"><a style=\"color: #ffff00;\" href=\"https:\/\/www.kessydocs.de\/fr\/formulaire-de-contact\/\">formulaire de contact<\/a>.<\/span> <\/p>\n<p><script type=\"application\/javascript\" src=\"https:\/\/app.usercentrics.eu\/latest\/main.js\" id=\"wLY0wT34u\"><\/script><\/p>\n","protected":false},"excerpt":{"rendered":"<p>Nous sommes une entreprise sp\u00e9cialis\u00e9e dans les syst\u00e8mes d&rsquo;antid\u00e9marrage pour VW Phaeton \/ Touareg, Porsche Cayenne, Porsche 996, 986, 997, 987, 970, 971, 991, 981, Bentley Continental et Audi A8. M\u00eame pour les appareils qui en ont l&rsquo;apparence, il y a de fortes chances que nous puissions extraire les donn\u00e9es de l&rsquo;antid\u00e9marrage pour ensuite fabriquer [&hellip;]<\/p>\n","protected":false},"author":1,"featured_media":0,"parent":0,"menu_order":0,"comment_status":"closed","ping_status":"open","template":"","meta":{"_crdt_document":"","footnotes":""},"class_list":["post-2825","page","type-page","status-publish","hentry"],"_links":{"self":[{"href":"https:\/\/www.kessydocs.de\/fr\/wp-json\/wp\/v2\/pages\/2825","targetHints":{"allow":["GET"]}}],"collection":[{"href":"https:\/\/www.kessydocs.de\/fr\/wp-json\/wp\/v2\/pages"}],"about":[{"href":"https:\/\/www.kessydocs.de\/fr\/wp-json\/wp\/v2\/types\/page"}],"author":[{"embeddable":true,"href":"https:\/\/www.kessydocs.de\/fr\/wp-json\/wp\/v2\/users\/1"}],"replies":[{"embeddable":true,"href":"https:\/\/www.kessydocs.de\/fr\/wp-json\/wp\/v2\/comments?post=2825"}],"version-history":[{"count":2,"href":"https:\/\/www.kessydocs.de\/fr\/wp-json\/wp\/v2\/pages\/2825\/revisions"}],"predecessor-version":[{"id":3095,"href":"https:\/\/www.kessydocs.de\/fr\/wp-json\/wp\/v2\/pages\/2825\/revisions\/3095"}],"wp:attachment":[{"href":"https:\/\/www.kessydocs.de\/fr\/wp-json\/wp\/v2\/media?parent=2825"}],"curies":[{"name":"wp","href":"https:\/\/api.w.org\/{rel}","templated":true}]}}