{"id":2850,"date":"2021-06-04T15:13:27","date_gmt":"2021-06-04T13:13:27","guid":{"rendered":"https:\/\/www.kessydocs.de\/audi-a8-4e\/"},"modified":"2024-12-15T12:08:34","modified_gmt":"2024-12-15T11:08:34","slug":"audi-a8-4e","status":"publish","type":"page","link":"https:\/\/www.kessydocs.de\/fr\/audi-a8-4e\/","title":{"rendered":"Audi A8 (4e)"},"content":{"rendered":"<p>ici, nous allons essayer de d\u00e9crire les sch\u00e9mas d&rsquo;erreurs \/ probl\u00e8mes typiques que ces v\u00e9hicules rencontrent avec le syst\u00e8me antid\u00e9marrage.<\/p>\n<p>Celles-ci ont toujours pour effet de ne pas pouvoir mettre le contact et de ne pas d\u00e9marrer la voiture.<br \/>\nSur les Audi A8 (4e), la cause principale est le calculateur Kessy qui subit un d\u00e9g\u00e2t des eaux.<\/p>\n<p>Les appareils sont install\u00e9s sous le tapis sous le si\u00e8ge du conducteur et re\u00e7oivent volontiers une portion d&rsquo;eau de trop par des \u00e9coulements de toit ouvrant bouch\u00e9s ou des \u00e9coulements bouch\u00e9s dans le r\u00e9servoir d&rsquo;eau (devant le pare-brise).<br \/>\nCela a alors pour effet que l&rsquo;appareil ne fonctionne pas correctement. <span style=\"color: #ffff00;\"><a style=\"color: #ffff00;\" href=\"https:\/\/www.kessydocs.de\/kessy-fbs-steuergeraet\/\">Le calculateur d&rsquo;acc\u00e8s sans cl\u00e9<\/a><\/span> Le syst\u00e8me d&rsquo;aide \u00e0 la conduite peut g\u00e9n\u00e9rer une erreur ou tomber compl\u00e8tement en panne.<\/p>\n<p>Dans ce cas, vous avez la possibilit\u00e9 de nous envoyer l&rsquo;appareil d\u00e9fectueux et nous essayons de lire les donn\u00e9es de cet appareil pour ensuite programmer un appareil avec le m\u00eame num\u00e9ro de pi\u00e8ce de rechange.<\/p>\n<p>Ensuite, l&rsquo;appareil de remplacement peut \u00eatre install\u00e9 plug and play dans le v\u00e9hicule, c&rsquo;est-\u00e0-dire sans travaux de codage suppl\u00e9mentaires.<\/p>\n<p>Les anciennes cl\u00e9s sont reconnues, la colonne de direction se bloque et se d\u00e9bloque \u00e0 nouveau comme d&rsquo;habitude et l&rsquo;allumage peut \u00eatre mis en marche.<\/p>\n<p>Il nous faut en g\u00e9n\u00e9ral un jour ouvrable pour r\u00e9cup\u00e9rer les donn\u00e9es et coder le nouvel appareil.<\/p>\n<p>Malheureusement, il peut aussi y avoir des erreurs cons\u00e9cutives. Comme les calculateurs Kessy commandent \u00e9galement le relais de d\u00e9marreur. S&rsquo;ils sont submerg\u00e9s, il se peut que le d\u00e9marreur tourne en permanence (sans que la voiture ne d\u00e9marre), ce qui peut entra\u00eener des dommages.<\/p>\n<p>Un autre probl\u00e8me assez courant est un <span style=\"color: #ffff00;\"><a style=\"color: #ffff00;\" href=\"https:\/\/www.kessydocs.de\/lenksaeulenverriegelung\">verrouillage<\/a><\/span> d\u00e9fectueux <span style=\"color: #ffff00;\"><a style=\"color: #ffff00;\" href=\"https:\/\/www.kessydocs.de\/lenksaeulenverriegelung\">de la colonne de direction<\/a>.<\/span><\/p>\n<p>Mais de temps en temps, les <span style=\"color: #ffff00;\"><a style=\"color: #ffff00;\" href=\"https:\/\/www.kessydocs.de\/schluessel\/\">cl\u00e9s<\/a><\/span> Nous pouvons g\u00e9n\u00e9ralement les remplacer.<\/p>\n<p>Si vous avez des questions \u00e0 ce sujet, veuillez utiliser le <span style=\"color: #ffff00;\"><a style=\"color: #ffff00;\" href=\"https:\/\/www.kessydocs.de\/kontaktformular\/\">formulaire de contact<\/a>.<\/span><\/p>\n","protected":false},"excerpt":{"rendered":"<p>ici, nous allons essayer de d\u00e9crire les sch\u00e9mas d&rsquo;erreurs \/ probl\u00e8mes typiques que ces v\u00e9hicules rencontrent avec le syst\u00e8me antid\u00e9marrage. Celles-ci ont toujours pour effet de ne pas pouvoir mettre le contact et de ne pas d\u00e9marrer la voiture. Sur les Audi A8 (4e), la cause principale est le calculateur Kessy qui subit un d\u00e9g\u00e2t [&hellip;]<\/p>\n","protected":false},"author":1,"featured_media":0,"parent":0,"menu_order":0,"comment_status":"closed","ping_status":"open","template":"","meta":{"_crdt_document":"","footnotes":""},"class_list":["post-2850","page","type-page","status-publish","hentry"],"_links":{"self":[{"href":"https:\/\/www.kessydocs.de\/fr\/wp-json\/wp\/v2\/pages\/2850","targetHints":{"allow":["GET"]}}],"collection":[{"href":"https:\/\/www.kessydocs.de\/fr\/wp-json\/wp\/v2\/pages"}],"about":[{"href":"https:\/\/www.kessydocs.de\/fr\/wp-json\/wp\/v2\/types\/page"}],"author":[{"embeddable":true,"href":"https:\/\/www.kessydocs.de\/fr\/wp-json\/wp\/v2\/users\/1"}],"replies":[{"embeddable":true,"href":"https:\/\/www.kessydocs.de\/fr\/wp-json\/wp\/v2\/comments?post=2850"}],"version-history":[{"count":2,"href":"https:\/\/www.kessydocs.de\/fr\/wp-json\/wp\/v2\/pages\/2850\/revisions"}],"predecessor-version":[{"id":3043,"href":"https:\/\/www.kessydocs.de\/fr\/wp-json\/wp\/v2\/pages\/2850\/revisions\/3043"}],"wp:attachment":[{"href":"https:\/\/www.kessydocs.de\/fr\/wp-json\/wp\/v2\/media?parent=2850"}],"curies":[{"name":"wp","href":"https:\/\/api.w.org\/{rel}","templated":true}]}}