{"id":2856,"date":"2022-09-11T22:52:57","date_gmt":"2022-09-11T20:52:57","guid":{"rendered":"https:\/\/www.kessydocs.de\/porsche-92a-970-971-appareils-de-commande-du-reseau-de-bord\/"},"modified":"2024-12-15T12:12:15","modified_gmt":"2024-12-15T11:12:15","slug":"porsche-92a-970-971-appareils-de-commande-du-reseau-de-bord","status":"publish","type":"page","link":"https:\/\/www.kessydocs.de\/fr\/porsche-92a-970-971-appareils-de-commande-du-reseau-de-bord\/","title":{"rendered":"BCM unit\u00e9s de contr\u00f4le Porsche 92A, 970, 971"},"content":{"rendered":"\n<p class=\"wp-block-paragraph\"><\/p>\n\n<figure class=\"wp-block-image size-full is-resized\"><img loading=\"lazy\" decoding=\"async\" width=\"1000\" height=\"801\" src=\"https:\/\/www.kessydocs.de\/wp-content\/uploads\/2022\/09\/bcm.jpg\" alt=\"\" class=\"wp-image-2607\" style=\"width:512px;height:410px\" srcset=\"https:\/\/www.kessydocs.de\/wp-content\/uploads\/2022\/09\/bcm.jpg 1000w, https:\/\/www.kessydocs.de\/wp-content\/uploads\/2022\/09\/bcm-300x240.jpg 300w, https:\/\/www.kessydocs.de\/wp-content\/uploads\/2022\/09\/bcm-768x615.jpg 768w, https:\/\/www.kessydocs.de\/wp-content\/uploads\/2022\/09\/bcm-600x481.jpg 600w\" sizes=\"auto, (max-width: 1000px) 100vw, 1000px\" \/><\/figure>\n<p>Le d\u00e9faut le plus courant sur les Porsche Cayenne ( 92a) , et Panameras est un d\u00e9g\u00e2t des eaux des calculateurs de bord arri\u00e8re.  <\/p>\n<p>Il en r\u00e9sulte que l&rsquo;appareil ne r\u00e9pond plus Certaines parties de l&rsquo;\u00e9clairage du v\u00e9hicule ou le hayon \/ l&rsquo;aileron arri\u00e8re ne fonctionnent plus.<\/p>\n<p>M\u00eame si, suite \u00e0 des essais de nettoyage, les appareils n&rsquo;ont pas tout \u00e0 fait le m\u00eame aspect que ceux de l&rsquo;image d&rsquo;exemple, il n&rsquo;est g\u00e9n\u00e9ralement pas possible de les r\u00e9parer.<\/p>\n<p>Ces appareils font partie du syst\u00e8me antid\u00e9marrage, ce qui signifie que les appareils d&rsquo;occasion ne peuvent pas \u00eatre utilis\u00e9s dans les v\u00e9hicules sans adaptation.<\/p>\n<p>Mais nous pouvons en g\u00e9n\u00e9ral encore lire les donn\u00e9es des appareils qui ressemblent \u00e0 cela pour coder un appareil avec le m\u00eame num\u00e9ro de pi\u00e8ce.<\/p>\n<p>Ensuite, l&rsquo;appareil de remplacement peut \u00eatre install\u00e9 plug and play dans le v\u00e9hicule, c&rsquo;est-\u00e0-dire sans travaux de codage suppl\u00e9mentaires.<\/p>\n<p>Il nous faut en g\u00e9n\u00e9ral un jour ouvrable pour r\u00e9cup\u00e9rer les donn\u00e9es et coder le nouvel appareil.<\/p>\n<p>Si vous avez des questions \u00e0 ce sujet, veuillez utiliser le <span style=\"color: #ffff00;\"><a style=\"color: #ffff00;\" href=\"https:\/\/www.kessydocs.de\/fr\/formulaire-de-contact\/\">formulaire de contact<\/a>.<\/span><\/p>\n<div class=\"block-list-appender wp-block\" tabindex=\"-1\">\n<div class=\"components-dropdown block-editor-inserter\"> <\/div>\n<\/div>\n","protected":false},"excerpt":{"rendered":"<p>Le d\u00e9faut le plus courant sur les Porsche Cayenne ( 92a) , et Panameras est un d\u00e9g\u00e2t des eaux des calculateurs de bord arri\u00e8re. Il en r\u00e9sulte que l&rsquo;appareil ne r\u00e9pond plus Certaines parties de l&rsquo;\u00e9clairage du v\u00e9hicule ou le hayon \/ l&rsquo;aileron arri\u00e8re ne fonctionnent plus. M\u00eame si, suite \u00e0 des essais de nettoyage, [&hellip;]<\/p>\n","protected":false},"author":1,"featured_media":0,"parent":0,"menu_order":0,"comment_status":"closed","ping_status":"open","template":"","meta":{"_crdt_document":"","footnotes":""},"class_list":["post-2856","page","type-page","status-publish","hentry"],"_links":{"self":[{"href":"https:\/\/www.kessydocs.de\/fr\/wp-json\/wp\/v2\/pages\/2856","targetHints":{"allow":["GET"]}}],"collection":[{"href":"https:\/\/www.kessydocs.de\/fr\/wp-json\/wp\/v2\/pages"}],"about":[{"href":"https:\/\/www.kessydocs.de\/fr\/wp-json\/wp\/v2\/types\/page"}],"author":[{"embeddable":true,"href":"https:\/\/www.kessydocs.de\/fr\/wp-json\/wp\/v2\/users\/1"}],"replies":[{"embeddable":true,"href":"https:\/\/www.kessydocs.de\/fr\/wp-json\/wp\/v2\/comments?post=2856"}],"version-history":[{"count":4,"href":"https:\/\/www.kessydocs.de\/fr\/wp-json\/wp\/v2\/pages\/2856\/revisions"}],"predecessor-version":[{"id":3054,"href":"https:\/\/www.kessydocs.de\/fr\/wp-json\/wp\/v2\/pages\/2856\/revisions\/3054"}],"wp:attachment":[{"href":"https:\/\/www.kessydocs.de\/fr\/wp-json\/wp\/v2\/media?parent=2856"}],"curies":[{"name":"wp","href":"https:\/\/api.w.org\/{rel}","templated":true}]}}