{"id":2865,"date":"2021-06-28T17:01:22","date_gmt":"2021-06-28T15:01:22","guid":{"rendered":"https:\/\/www.kessydocs.de\/vw-touareg\/"},"modified":"2024-12-15T12:18:44","modified_gmt":"2024-12-15T11:18:44","slug":"vw-touareg","status":"publish","type":"page","link":"https:\/\/www.kessydocs.de\/fr\/vw-touareg\/","title":{"rendered":"VW Touareg"},"content":{"rendered":"<p>Nous allons essayer ici de d\u00e9crire les erreurs \/ probl\u00e8mes typiques que ces v\u00e9hicules rencontrent avec l&rsquo;antid\u00e9marrage.<\/p>\n<p>Ceux-ci ont toujours pour effet que le contact ne peut pas \u00eatre mis et que la voiture ne d\u00e9marre pas.<br \/>\nPour les VW Touareg ( 7L ), la cause principale est un <span style=\"color: #ffff00;\"><a style=\"color: #ffff00;\" href=\"https:\/\/www.kessydocs.de\/lenksaeulenverriegelung\">verrouillage<\/a><\/span> d\u00e9fectueux <span style=\"color: #ffff00;\"><a style=\"color: #ffff00;\" href=\"https:\/\/www.kessydocs.de\/lenksaeulenverriegelung\">de la colonne de direction<\/a>.<\/span><\/p>\n<p>De temps en temps, les cl\u00e9s ne fonctionnent pas. <span style=\"color: #ffff00;\"><a style=\"color: #ffff00;\" href=\"https:\/\/www.kessydocs.de\/schluessel\/\">Cl\u00e9s<\/a><\/span> Nous pouvons g\u00e9n\u00e9ralement proposer un remplacement.<\/p>\n<p>Si vous avez des questions \u00e0 ce sujet, veuillez utiliser le <span style=\"color: #ffff00;\"><a style=\"color: #ffff00;\" href=\"https:\/\/www.kessydocs.de\/kontaktformular\/\">formulaire de contact<\/a>.<\/span><\/p>\n","protected":false},"excerpt":{"rendered":"<p>Nous allons essayer ici de d\u00e9crire les erreurs \/ probl\u00e8mes typiques que ces v\u00e9hicules rencontrent avec l&rsquo;antid\u00e9marrage. Ceux-ci ont toujours pour effet que le contact ne peut pas \u00eatre mis et que la voiture ne d\u00e9marre pas. Pour les VW Touareg ( 7L ), la cause principale est un verrouillage d\u00e9fectueux de la colonne de [&hellip;]<\/p>\n","protected":false},"author":1,"featured_media":0,"parent":0,"menu_order":0,"comment_status":"closed","ping_status":"open","template":"","meta":{"_crdt_document":"","footnotes":""},"class_list":["post-2865","page","type-page","status-publish","hentry"],"_links":{"self":[{"href":"https:\/\/www.kessydocs.de\/fr\/wp-json\/wp\/v2\/pages\/2865","targetHints":{"allow":["GET"]}}],"collection":[{"href":"https:\/\/www.kessydocs.de\/fr\/wp-json\/wp\/v2\/pages"}],"about":[{"href":"https:\/\/www.kessydocs.de\/fr\/wp-json\/wp\/v2\/types\/page"}],"author":[{"embeddable":true,"href":"https:\/\/www.kessydocs.de\/fr\/wp-json\/wp\/v2\/users\/1"}],"replies":[{"embeddable":true,"href":"https:\/\/www.kessydocs.de\/fr\/wp-json\/wp\/v2\/comments?post=2865"}],"version-history":[{"count":2,"href":"https:\/\/www.kessydocs.de\/fr\/wp-json\/wp\/v2\/pages\/2865\/revisions"}],"predecessor-version":[{"id":3089,"href":"https:\/\/www.kessydocs.de\/fr\/wp-json\/wp\/v2\/pages\/2865\/revisions\/3089"}],"wp:attachment":[{"href":"https:\/\/www.kessydocs.de\/fr\/wp-json\/wp\/v2\/media?parent=2865"}],"curies":[{"name":"wp","href":"https:\/\/api.w.org\/{rel}","templated":true}]}}