{"id":2886,"date":"2022-09-11T22:54:01","date_gmt":"2022-09-11T20:54:01","guid":{"rendered":"https:\/\/www.kessydocs.de\/elv-porsche-997-987-caymen\/"},"modified":"2024-12-15T12:13:18","modified_gmt":"2024-12-15T11:13:18","slug":"elv-porsche-997-987-caymen","status":"publish","type":"page","link":"https:\/\/www.kessydocs.de\/fr\/elv-porsche-997-987-caymen\/","title":{"rendered":"ELV Porsche 997\/987\/Caymen"},"content":{"rendered":"<p>Sur les Porsche 997 \/ 987 \/ Caymen, l&rsquo;une des causes les plus fr\u00e9quentes de l&rsquo;impossibilit\u00e9 de mettre le contact est un verrouillage d\u00e9fectueux de la colonne de direction (ELV).&nbsp;<\/p>\n\n<figure class=\"wp-block-image size-full is-resized\"><img loading=\"lazy\" decoding=\"async\" width=\"858\" height=\"1000\" src=\"https:\/\/www.kessydocs.de\/wp-content\/uploads\/2022\/09\/997_elv1.jpg\" alt=\"\" class=\"wp-image-2603\" style=\"width:192px;height:224px\" srcset=\"https:\/\/www.kessydocs.de\/wp-content\/uploads\/2022\/09\/997_elv1.jpg 858w, https:\/\/www.kessydocs.de\/wp-content\/uploads\/2022\/09\/997_elv1-257x300.jpg 257w, https:\/\/www.kessydocs.de\/wp-content\/uploads\/2022\/09\/997_elv1-768x895.jpg 768w, https:\/\/www.kessydocs.de\/wp-content\/uploads\/2022\/09\/997_elv1-600x699.jpg 600w\" sizes=\"auto, (max-width: 858px) 100vw, 858px\" \/><\/figure>\n<p>Celle-ci a toujours pour effet que l&rsquo;allumage ne peut pas \u00eatre mis en marche et que la voiture ne d\u00e9marre pas.<\/p>\n<p>Ces moteurs ont l&rsquo;un des num\u00e9ros de pi\u00e8ce suivants :  <\/p>\n<p>99761815800, 99761815801, 99761815802, 99761815803, 99761815804<\/p>\n<p>Sur certains v\u00e9hicules, cette erreur se traduit par l&rsquo;affichage sur l&rsquo;\u00e9cran du compteur de vitesse de \u00ab\u00a0direction d\u00e9fectueuse\u00a0\u00bb ou \u00ab\u00a0direction bloqu\u00e9e\u00a0\u00bb ou quelque chose comme \u00e7a\u00a0\u00bb.  <\/p>\n<p><img loading=\"lazy\" decoding=\"async\" class=\"alignnone wp-image-2602\" src=\"https:\/\/www.kessydocs.de\/wp-content\/uploads\/2022\/09\/997_elv_fehler-300x139.jpg\" alt=\"\" width=\"371\" height=\"172\" srcset=\"https:\/\/www.kessydocs.de\/wp-content\/uploads\/2022\/09\/997_elv_fehler-300x139.jpg 300w, https:\/\/www.kessydocs.de\/wp-content\/uploads\/2022\/09\/997_elv_fehler-768x355.jpg 768w, https:\/\/www.kessydocs.de\/wp-content\/uploads\/2022\/09\/997_elv_fehler-600x277.jpg 600w, https:\/\/www.kessydocs.de\/wp-content\/uploads\/2022\/09\/997_elv_fehler.jpg 1000w\" sizes=\"auto, (max-width: 371px) 100vw, 371px\" \/><\/p>\n<p>Mais pour certains v\u00e9hicules, ce n&rsquo;est malheureusement pas le cas non plus. Ensuite, il ne se passe tout simplement rien lorsque l&rsquo;on tourne la cl\u00e9 pour mettre le contact.<\/p>\n<p>Ces moteurs ne sont pas des moteurs purs, il s&rsquo;agit des servomoteurs avec appareil de commande int\u00e9gr\u00e9.<\/p>\n<p>S&rsquo;ils essaient de faire fonctionner un tel appareil sur la voiture sans l&rsquo;adapter, l&rsquo;antid\u00e9marrage est actif et le contact ne peut pas \u00eatre mis !<\/p>\n<p>Pour adapter un verrouillage de colonne de direction d&rsquo;occasion \u00e0 votre v\u00e9hicule, vous devez nous envoyer votre ancien moteur de verrouillage de colonne de direction ou la colonne de direction compl\u00e8te, au moins une cl\u00e9 de contact et le bo\u00eetier de commande d&rsquo;alarme ( PAS ).<\/p>\n<p>L&rsquo;ancien moteur de verrouillage de la colonne de direction doit \u00eatre d\u00e9mont\u00e9 pour la lecture des donn\u00e9es, il est inutilisable apr\u00e8s cette proc\u00e9dure !<\/p>\n<p>Si vous avez des questions \u00e0 ce sujet, veuillez utiliser le <span style=\"color: #ffff00;\"><a style=\"color: #ffff00;\" href=\"https:\/\/www.kessydocs.de\/fr\/formulaire-de-contact\/\">formulaire de contact<\/a>.<\/span><\/p>\n","protected":false},"excerpt":{"rendered":"<p>Sur les Porsche 997 \/ 987 \/ Caymen, l&rsquo;une des causes les plus fr\u00e9quentes de l&rsquo;impossibilit\u00e9 de mettre le contact est un verrouillage d\u00e9fectueux de la colonne de direction (ELV).&nbsp; Celle-ci a toujours pour effet que l&rsquo;allumage ne peut pas \u00eatre mis en marche et que la voiture ne d\u00e9marre pas. Ces moteurs ont l&rsquo;un [&hellip;]<\/p>\n","protected":false},"author":1,"featured_media":0,"parent":0,"menu_order":0,"comment_status":"closed","ping_status":"open","template":"","meta":{"_crdt_document":"","footnotes":""},"class_list":["post-2886","page","type-page","status-publish","hentry"],"_links":{"self":[{"href":"https:\/\/www.kessydocs.de\/fr\/wp-json\/wp\/v2\/pages\/2886","targetHints":{"allow":["GET"]}}],"collection":[{"href":"https:\/\/www.kessydocs.de\/fr\/wp-json\/wp\/v2\/pages"}],"about":[{"href":"https:\/\/www.kessydocs.de\/fr\/wp-json\/wp\/v2\/types\/page"}],"author":[{"embeddable":true,"href":"https:\/\/www.kessydocs.de\/fr\/wp-json\/wp\/v2\/users\/1"}],"replies":[{"embeddable":true,"href":"https:\/\/www.kessydocs.de\/fr\/wp-json\/wp\/v2\/comments?post=2886"}],"version-history":[{"count":3,"href":"https:\/\/www.kessydocs.de\/fr\/wp-json\/wp\/v2\/pages\/2886\/revisions"}],"predecessor-version":[{"id":3064,"href":"https:\/\/www.kessydocs.de\/fr\/wp-json\/wp\/v2\/pages\/2886\/revisions\/3064"}],"wp:attachment":[{"href":"https:\/\/www.kessydocs.de\/fr\/wp-json\/wp\/v2\/media?parent=2886"}],"curies":[{"name":"wp","href":"https:\/\/api.w.org\/{rel}","templated":true}]}}