{"id":2899,"date":"2021-10-11T16:36:57","date_gmt":"2021-10-11T14:36:57","guid":{"rendered":"https:\/\/www.kessydocs.de\/bmw-frm-3-appareils-de-commande\/"},"modified":"2022-09-18T14:52:46","modified_gmt":"2022-09-18T12:52:46","slug":"bmw-frm-3-appareils-de-commande","status":"publish","type":"page","link":"https:\/\/www.kessydocs.de\/fr\/bmw-frm-3-appareils-de-commande\/","title":{"rendered":"BMW FRM 3 Appareils de commande"},"content":{"rendered":"\n<figure class=\"wp-block-image size-full\"><img loading=\"lazy\" decoding=\"async\" width=\"640\" height=\"397\" src=\"https:\/\/www.kessydocs.de\/wp-content\/uploads\/2021\/10\/frm_web-Kopie.jpg\" alt=\"\" class=\"wp-image-2587\" srcset=\"https:\/\/www.kessydocs.de\/wp-content\/uploads\/2021\/10\/frm_web-Kopie.jpg 640w, https:\/\/www.kessydocs.de\/wp-content\/uploads\/2021\/10\/frm_web-Kopie-300x186.jpg 300w, https:\/\/www.kessydocs.de\/wp-content\/uploads\/2021\/10\/frm_web-Kopie-600x372.jpg 600w, https:\/\/www.kessydocs.de\/wp-content\/uploads\/2021\/10\/frm_web-Kopie-97x60.jpg 97w, https:\/\/www.kessydocs.de\/wp-content\/uploads\/2021\/10\/frm_web-Kopie-145x90.jpg 145w\" sizes=\"auto, (max-width: 640px) 100vw, 640px\" \/><figcaption class=\"wp-element-caption\">Lecture d&rsquo;un module FRM  <\/figcaption><\/figure><p>Si le module de plancher de votre BMW \/ Minni est d\u00e9fectueux, nous pouvons le r\u00e9parer.<\/p>\n<p>Ces appareils sont install\u00e9s dans les v\u00e9hicules suivants :<\/p>\n<p><strong>MINI R55, R56<\/strong><\/p>\n<p><strong>et :  <br \/><\/strong><\/p>\n<p><strong>BMW Z4 E89<\/strong><\/p>\n<p><strong>BMW X1 E84<\/strong><\/p>\n<p><strong>BMW X5 E70<\/strong><\/p>\n<p><strong>BMW X6 E71, E72<\/strong><\/p>\n<p><strong>BMW S\u00e9rie 1 E81, E82, E87, E88<\/strong><\/p>\n<p><strong>BMW S\u00e9rie 3 E90, E91, E92, E93<\/strong><\/p>\n<p><strong>BMW S\u00e9rie 7 F01<\/strong><\/p>\n<p>Les modules peuvent avoir les num\u00e9ros de pi\u00e8ce suivants :&nbsp;<\/p>\n<p>9224592 9249080 9230451 9308365, 9240528 9230450, 9249081, 9230449 9224594 9240529 9263799, 9241005, 9230448 9249083 9263800 9240530, 9240532 9224595, 9240531 9263801, 9249084 9241006 9224596 9240531, 9263802 9249085 9224597, 9240532 9230446 9251487, 9240524, 9263795 9224590 9240525, 9224590 9251488, 9263795, 9224591 9263796 9251489, 9241008 9249086, 9224599, 9224617 9230432 9249073 9242522, 9230433, 9224618 9249075, 3456051 3455896 3457527 3456588, 3457403<\/p>\n<p>Ceux-ci ont tendance \u00e0 se casser,&nbsp; s&rsquo;ils re\u00e7oivent une sous-tension, ce qui signifie,&nbsp; qu&rsquo;il peut se casser lors d&rsquo;un changement de batterie,&nbsp; en cas de d\u00e9faut de la batterie ou lors d&rsquo;un pontage.&nbsp;<\/p>\n<p>Il est \u00e9galement tr\u00e8s rare qu&rsquo;ils se cassent lors du codage ou de la lecture des erreurs.<\/p>\n<p>Le message d&rsquo;erreur dans le DIsplay est alors : \u00ab\u00a0Syst\u00e8me d&rsquo;\u00e9clairage ! S&rsquo;arr\u00eater prudemment\u00a0\u00bb<\/p>\n<p>Cette erreur peut \u00eatre corrig\u00e9e par nos soins. Pour cela, vous devez nous envoyer votre appareil.<\/p>\n<p>Le temps de r\u00e9paration est d&rsquo;un jour ouvrable, en r\u00e8gle g\u00e9n\u00e9rale, il ne doit pas \u00eatre r\u00e9appris apr\u00e8s la r\u00e9paration et peut \u00eatre r\u00e9install\u00e9 facilement.<\/p>\n<p>Vous avez \u00e9galement la possibilit\u00e9,&nbsp; apr\u00e8s avoir pris rendez-vous, de venir nous voir avec votre appareil, nous le r\u00e9parerions alors imm\u00e9diatement. Le temps de r\u00e9paration est d&rsquo;environ 30 minutes.&nbsp;<\/p>\n<p>S&rsquo;il ne peut pas \u00eatre r\u00e9par\u00e9 et que vous ne souhaitez pas un appareil de remplacement (moyennant un suppl\u00e9ment, si disponible),&nbsp;, nous vous renverrons votre appareil. Dans ce cas, nous ne facturons pas de forfait de v\u00e9rification.<\/p>\n\n<p class=\"wp-block-paragraph\"><\/p>\n","protected":false},"excerpt":{"rendered":"<p>Si le module de plancher de votre BMW \/ Minni est d\u00e9fectueux, nous pouvons le r\u00e9parer. Ces appareils sont install\u00e9s dans les v\u00e9hicules suivants : MINI R55, R56 et : BMW Z4 E89 BMW X1 E84 BMW X5 E70 BMW X6 E71, E72 BMW S\u00e9rie 1 E81, E82, E87, E88 BMW S\u00e9rie 3 E90, E91, [&hellip;]<\/p>\n","protected":false},"author":1,"featured_media":0,"parent":0,"menu_order":0,"comment_status":"closed","ping_status":"open","template":"","meta":{"_crdt_document":"","footnotes":""},"class_list":["post-2899","page","type-page","status-publish","hentry"],"_links":{"self":[{"href":"https:\/\/www.kessydocs.de\/fr\/wp-json\/wp\/v2\/pages\/2899","targetHints":{"allow":["GET"]}}],"collection":[{"href":"https:\/\/www.kessydocs.de\/fr\/wp-json\/wp\/v2\/pages"}],"about":[{"href":"https:\/\/www.kessydocs.de\/fr\/wp-json\/wp\/v2\/types\/page"}],"author":[{"embeddable":true,"href":"https:\/\/www.kessydocs.de\/fr\/wp-json\/wp\/v2\/users\/1"}],"replies":[{"embeddable":true,"href":"https:\/\/www.kessydocs.de\/fr\/wp-json\/wp\/v2\/comments?post=2899"}],"version-history":[{"count":1,"href":"https:\/\/www.kessydocs.de\/fr\/wp-json\/wp\/v2\/pages\/2899\/revisions"}],"predecessor-version":[{"id":2914,"href":"https:\/\/www.kessydocs.de\/fr\/wp-json\/wp\/v2\/pages\/2899\/revisions\/2914"}],"wp:attachment":[{"href":"https:\/\/www.kessydocs.de\/fr\/wp-json\/wp\/v2\/media?parent=2899"}],"curies":[{"name":"wp","href":"https:\/\/api.w.org\/{rel}","templated":true}]}}