{"id":2905,"date":"2021-06-28T17:14:29","date_gmt":"2021-06-28T15:14:29","guid":{"rendered":"https:\/\/www.kessydocs.de\/touareg-cayenne-audi-a8-bentley-contiental-verrouillages-de-la-colonne-de-direction\/"},"modified":"2024-12-15T12:16:24","modified_gmt":"2024-12-15T11:16:24","slug":"touareg-cayenne-audi-a8-bentley-contiental-verrouillages-de-la-colonne-de-direction","status":"publish","type":"page","link":"https:\/\/www.kessydocs.de\/fr\/touareg-cayenne-audi-a8-bentley-contiental-verrouillages-de-la-colonne-de-direction\/","title":{"rendered":"Touareg, Cayenne, Audi A8, Bentley Contiental Verrouillages de la colonne de direction"},"content":{"rendered":"<p>Sur les VW Touareg \/ Phaeton, Porsche Cayenne, Audi A8 et Bentley Continental, l&rsquo;une des causes les plus fr\u00e9quentes de l&rsquo;impossibilit\u00e9 de mettre le contact est un verrouillage d\u00e9fectueux de la colonne de direction (N360).&nbsp;<\/p>\n\n<figure class=\"wp-block-image size-large is-resized\"><img loading=\"lazy\" decoding=\"async\" width=\"1024\" height=\"774\" src=\"https:\/\/www.kessydocs.de\/wp-content\/uploads\/2021\/06\/N360-1-1024x774.jpg\" alt=\"\" class=\"wp-image-2504\" style=\"width:357px;height:269px\" srcset=\"https:\/\/www.kessydocs.de\/wp-content\/uploads\/2021\/06\/N360-1-1024x774.jpg 1024w, https:\/\/www.kessydocs.de\/wp-content\/uploads\/2021\/06\/N360-1-300x227.jpg 300w, https:\/\/www.kessydocs.de\/wp-content\/uploads\/2021\/06\/N360-1-768x580.jpg 768w, https:\/\/www.kessydocs.de\/wp-content\/uploads\/2021\/06\/N360-1-600x453.jpg 600w, https:\/\/www.kessydocs.de\/wp-content\/uploads\/2021\/06\/N360-1-79x60.jpg 79w, https:\/\/www.kessydocs.de\/wp-content\/uploads\/2021\/06\/N360-1-119x90.jpg 119w, https:\/\/www.kessydocs.de\/wp-content\/uploads\/2021\/06\/N360-1.jpg 1100w\" sizes=\"auto, (max-width: 1024px) 100vw, 1024px\" \/><\/figure>\n<\/p>\n<p>Celle-ci a toujours pour effet que l&rsquo;allumage ne peut pas \u00eatre mis en marche et que la voiture ne d\u00e9marre pas.<\/p>\n<p>Ces moteurs ont l&rsquo;un des num\u00e9ros de pi\u00e8ce suivants :&nbsp;<\/p>\n<p>4E0905852A, 4E0905852B, 4E0905852C, 4E0905852D, 4E0905852E ou 4E0905852F<\/p>\n<p>et se trouvent entre autres dans les bo\u00eetiers de direction avec les num\u00e9ros de pi\u00e8ces :<\/p>\n<p>7L0419501CD, 7L0419501CE, 7L0419501CK, 7L0419501CL, 7L0419501CF, 7L0419501CG, 7L0419501CH, 7L0419501CJ,<br \/>7L0419501AB, 7L0419501AD, 7L0419501AE, 7L0419501AN, 7L0419501AR, 7L0419501AM, 7L0419501AS, 7L0419501AT<br \/>7L0419501BA, 7L0419501BB, 7L0419501BC, 7L0419501BD, 7L0419501BE, 7L0419501BF, 7L0419501BG, 7L0419501BH<br \/>7L0419501BJ, 7L0419501BK, 7L0419501BL, 7L0419501BR, 7L0419501BS, 7L0419501BA,<br \/>3D1419501AF, 3D1419501AA, 3D1419501AJ, 3D1419501AB, 3D1419501AC, 3D1419501AE, 3D1419501AG, 3D1419501G,<br \/>3D1419501J, 3D1419501Q, 3D1419501H, 3D1419501D, 3D1419501E, 3D1419501T,<br \/>4E0419512C, 4E0419512CV, 4E0419512CX, 4E0419512G, 4E0419512GV, 4E0419512GX, 4E0419512A, 4E0419512AX<br \/>4E0419512B, 4E0419512BX, 4E0419512D, 4E0419512DX, 4E0419512E, 4E0419512EX<\/p>\n<p>est install\u00e9.<\/p>\n<p>Sur certains v\u00e9hicules, cette erreur se traduit par l&rsquo;affichage sur l&rsquo;\u00e9cran du compteur de vitesse de la mention \u00ab\u00a0direction d\u00e9fectueuse\u00a0\u00bb ou quelque chose de ce genre.&nbsp;<\/p><\/p>\n\n<figure class=\"wp-block-gallery has-nested-images columns-5 is-cropped wp-block-gallery-1 is-layout-flex wp-block-gallery-is-layout-flex\">\n<figure class=\"wp-block-image size-full\"><a href=\"https:\/\/www.kessydocs.de\/wp-content\/uploads\/2021\/06\/20210604_111423-1.jpg\"><img loading=\"lazy\" decoding=\"async\" width=\"1004\" height=\"452\" data-id=\"2510\" src=\"https:\/\/www.kessydocs.de\/wp-content\/uploads\/2021\/06\/20210604_111423-1.jpg\" alt=\"\" class=\"wp-image-2510\" srcset=\"https:\/\/www.kessydocs.de\/wp-content\/uploads\/2021\/06\/20210604_111423-1.jpg 1004w, https:\/\/www.kessydocs.de\/wp-content\/uploads\/2021\/06\/20210604_111423-1-300x135.jpg 300w, https:\/\/www.kessydocs.de\/wp-content\/uploads\/2021\/06\/20210604_111423-1-768x346.jpg 768w, https:\/\/www.kessydocs.de\/wp-content\/uploads\/2021\/06\/20210604_111423-1-600x270.jpg 600w, https:\/\/www.kessydocs.de\/wp-content\/uploads\/2021\/06\/20210604_111423-1-133x60.jpg 133w, https:\/\/www.kessydocs.de\/wp-content\/uploads\/2021\/06\/20210604_111423-1-200x90.jpg 200w\" sizes=\"auto, (max-width: 1004px) 100vw, 1004px\" \/><\/a><\/figure>\n\n\n\n<figure class=\"wp-block-image size-full\"><a href=\"https:\/\/www.kessydocs.de\/wp-content\/uploads\/2021\/06\/20210604_111020-1.jpg\"><img loading=\"lazy\" decoding=\"async\" width=\"1004\" height=\"452\" data-id=\"2507\" src=\"https:\/\/www.kessydocs.de\/wp-content\/uploads\/2021\/06\/20210604_111020-1.jpg\" alt=\"\" class=\"wp-image-2507\" srcset=\"https:\/\/www.kessydocs.de\/wp-content\/uploads\/2021\/06\/20210604_111020-1.jpg 1004w, https:\/\/www.kessydocs.de\/wp-content\/uploads\/2021\/06\/20210604_111020-1-300x135.jpg 300w, https:\/\/www.kessydocs.de\/wp-content\/uploads\/2021\/06\/20210604_111020-1-768x346.jpg 768w, https:\/\/www.kessydocs.de\/wp-content\/uploads\/2021\/06\/20210604_111020-1-600x270.jpg 600w, https:\/\/www.kessydocs.de\/wp-content\/uploads\/2021\/06\/20210604_111020-1-133x60.jpg 133w, https:\/\/www.kessydocs.de\/wp-content\/uploads\/2021\/06\/20210604_111020-1-200x90.jpg 200w\" sizes=\"auto, (max-width: 1004px) 100vw, 1004px\" \/><\/a><\/figure>\n\n\n\n<figure class=\"wp-block-image size-full\"><a href=\"https:\/\/www.kessydocs.de\/wp-content\/uploads\/2021\/06\/20210604_111702-1.jpg\"><img loading=\"lazy\" decoding=\"async\" width=\"1004\" height=\"452\" data-id=\"2511\" src=\"https:\/\/www.kessydocs.de\/wp-content\/uploads\/2021\/06\/20210604_111702-1.jpg\" alt=\"\" class=\"wp-image-2511\" srcset=\"https:\/\/www.kessydocs.de\/wp-content\/uploads\/2021\/06\/20210604_111702-1.jpg 1004w, https:\/\/www.kessydocs.de\/wp-content\/uploads\/2021\/06\/20210604_111702-1-300x135.jpg 300w, https:\/\/www.kessydocs.de\/wp-content\/uploads\/2021\/06\/20210604_111702-1-768x346.jpg 768w, https:\/\/www.kessydocs.de\/wp-content\/uploads\/2021\/06\/20210604_111702-1-600x270.jpg 600w, https:\/\/www.kessydocs.de\/wp-content\/uploads\/2021\/06\/20210604_111702-1-133x60.jpg 133w, https:\/\/www.kessydocs.de\/wp-content\/uploads\/2021\/06\/20210604_111702-1-200x90.jpg 200w\" sizes=\"auto, (max-width: 1004px) 100vw, 1004px\" \/><\/a><\/figure>\n\n\n\n<figure class=\"wp-block-image size-full\"><a href=\"https:\/\/www.kessydocs.de\/wp-content\/uploads\/2021\/06\/20210604_110747-1.jpg\"><img loading=\"lazy\" decoding=\"async\" width=\"1004\" height=\"452\" data-id=\"2508\" src=\"https:\/\/www.kessydocs.de\/wp-content\/uploads\/2021\/06\/20210604_110747-1.jpg\" alt=\"\" class=\"wp-image-2508\" srcset=\"https:\/\/www.kessydocs.de\/wp-content\/uploads\/2021\/06\/20210604_110747-1.jpg 1004w, https:\/\/www.kessydocs.de\/wp-content\/uploads\/2021\/06\/20210604_110747-1-300x135.jpg 300w, https:\/\/www.kessydocs.de\/wp-content\/uploads\/2021\/06\/20210604_110747-1-768x346.jpg 768w, https:\/\/www.kessydocs.de\/wp-content\/uploads\/2021\/06\/20210604_110747-1-600x270.jpg 600w, https:\/\/www.kessydocs.de\/wp-content\/uploads\/2021\/06\/20210604_110747-1-133x60.jpg 133w, https:\/\/www.kessydocs.de\/wp-content\/uploads\/2021\/06\/20210604_110747-1-200x90.jpg 200w\" sizes=\"auto, (max-width: 1004px) 100vw, 1004px\" \/><\/a><\/figure>\n\n\n\n<figure class=\"wp-block-image size-full\"><a href=\"https:\/\/www.kessydocs.de\/wp-content\/uploads\/2021\/06\/20210604_111403-1.jpg\"><img loading=\"lazy\" decoding=\"async\" width=\"1004\" height=\"452\" data-id=\"2509\" src=\"https:\/\/www.kessydocs.de\/wp-content\/uploads\/2021\/06\/20210604_111403-1.jpg\" alt=\"\" class=\"wp-image-2509\" srcset=\"https:\/\/www.kessydocs.de\/wp-content\/uploads\/2021\/06\/20210604_111403-1.jpg 1004w, https:\/\/www.kessydocs.de\/wp-content\/uploads\/2021\/06\/20210604_111403-1-300x135.jpg 300w, https:\/\/www.kessydocs.de\/wp-content\/uploads\/2021\/06\/20210604_111403-1-768x346.jpg 768w, https:\/\/www.kessydocs.de\/wp-content\/uploads\/2021\/06\/20210604_111403-1-600x270.jpg 600w, https:\/\/www.kessydocs.de\/wp-content\/uploads\/2021\/06\/20210604_111403-1-133x60.jpg 133w, https:\/\/www.kessydocs.de\/wp-content\/uploads\/2021\/06\/20210604_111403-1-200x90.jpg 200w\" sizes=\"auto, (max-width: 1004px) 100vw, 1004px\" \/><\/a><\/figure>\n\n\n\n<figure class=\"wp-block-image size-full\"><a href=\"https:\/\/www.kessydocs.de\/wp-content\/uploads\/2021\/06\/20210604_110907-1.jpg\"><img loading=\"lazy\" decoding=\"async\" width=\"1004\" height=\"452\" data-id=\"2506\" src=\"https:\/\/www.kessydocs.de\/wp-content\/uploads\/2021\/06\/20210604_110907-1.jpg\" alt=\"\" class=\"wp-image-2506\" srcset=\"https:\/\/www.kessydocs.de\/wp-content\/uploads\/2021\/06\/20210604_110907-1.jpg 1004w, https:\/\/www.kessydocs.de\/wp-content\/uploads\/2021\/06\/20210604_110907-1-300x135.jpg 300w, https:\/\/www.kessydocs.de\/wp-content\/uploads\/2021\/06\/20210604_110907-1-768x346.jpg 768w, https:\/\/www.kessydocs.de\/wp-content\/uploads\/2021\/06\/20210604_110907-1-600x270.jpg 600w, https:\/\/www.kessydocs.de\/wp-content\/uploads\/2021\/06\/20210604_110907-1-133x60.jpg 133w, https:\/\/www.kessydocs.de\/wp-content\/uploads\/2021\/06\/20210604_110907-1-200x90.jpg 200w\" sizes=\"auto, (max-width: 1004px) 100vw, 1004px\" \/><\/a><\/figure>\n<figcaption class=\"blocks-gallery-caption wp-element-caption\">Affichage des erreurs<\/figcaption><\/figure>\n<p>Malheureusement, ce n&rsquo;est pas le cas pour certains v\u00e9hicules. Dans ce cas, il ne se passe rien lorsque l&rsquo;on tourne la cl\u00e9 pour mettre le contact (c&rsquo;est souvent le cas sur les A8 et les VW Phaeton \/ Touareg apr\u00e8s le facelift).<\/p>\n<p>Ces moteurs ne sont pas des moteurs purs, il s&rsquo;agit des servomoteurs avec appareil de commande int\u00e9gr\u00e9.<\/p>\n<p>Ces appareils ne peuvent normalement \u00eatre programm\u00e9s qu&rsquo;une seule fois, c&rsquo;est-\u00e0-dire qu&rsquo;il n&rsquo;est pas possible de les remplacer et de d\u00e9marrer la voiture.<\/p>\n<p>S&rsquo;ils essaient de faire fonctionner un tel appareil sur la voiture sans l&rsquo;adapter, l&rsquo;antid\u00e9marrage est actif et le contact ne peut pas \u00eatre mis !<\/p>\n<p>Pour adapter un verrouillage de colonne de direction d&rsquo;occasion \u00e0 votre v\u00e9hicule, vous devez nous envoyer votre ancien moteur de verrouillage de colonne de direction ou la colonne de direction compl\u00e8te, au moins une cl\u00e9 de contact et le bo\u00eetier de commande FBS\/Kessy.<\/p>\n<p>Si un atelier a d\u00e9j\u00e0 essay\u00e9 d&rsquo;adapter quelque chose au v\u00e9hicule, nous avons \u00e9galement besoin du calculateur moteur ou, dans le cas de v\u00e9hicules \u00e9quip\u00e9s de deux calculateurs moteur, de l&rsquo;un des calculateurs moteur.<\/p>\n<p>L&rsquo;ancien moteur de verrouillage de la colonne de direction doit \u00eatre d\u00e9mont\u00e9 pour la lecture des donn\u00e9es, il est inutilisable apr\u00e8s cette proc\u00e9dure !<\/p>\n<p>Si vous avez des questions \u00e0 ce sujet, veuillez utiliser le <span style=\"color: #ffff00;\"><a style=\"color: #ffff00;\" href=\"https:\/\/www.kessydocs.de\/fr\/formulaire-de-contact\/\">formulaire de contact<\/a>.<\/span><\/p>\n","protected":false},"excerpt":{"rendered":"<p>Sur les VW Touareg \/ Phaeton, Porsche Cayenne, Audi A8 et Bentley Continental, l&rsquo;une des causes les plus fr\u00e9quentes de l&rsquo;impossibilit\u00e9 de mettre le contact est un verrouillage d\u00e9fectueux de la colonne de direction (N360).&nbsp; Celle-ci a toujours pour effet que l&rsquo;allumage ne peut pas \u00eatre mis en marche et que la voiture ne d\u00e9marre [&hellip;]<\/p>\n","protected":false},"author":1,"featured_media":0,"parent":0,"menu_order":0,"comment_status":"closed","ping_status":"open","template":"","meta":{"_crdt_document":"","footnotes":""},"class_list":["post-2905","page","type-page","status-publish","hentry"],"_links":{"self":[{"href":"https:\/\/www.kessydocs.de\/fr\/wp-json\/wp\/v2\/pages\/2905","targetHints":{"allow":["GET"]}}],"collection":[{"href":"https:\/\/www.kessydocs.de\/fr\/wp-json\/wp\/v2\/pages"}],"about":[{"href":"https:\/\/www.kessydocs.de\/fr\/wp-json\/wp\/v2\/types\/page"}],"author":[{"embeddable":true,"href":"https:\/\/www.kessydocs.de\/fr\/wp-json\/wp\/v2\/users\/1"}],"replies":[{"embeddable":true,"href":"https:\/\/www.kessydocs.de\/fr\/wp-json\/wp\/v2\/comments?post=2905"}],"version-history":[{"count":2,"href":"https:\/\/www.kessydocs.de\/fr\/wp-json\/wp\/v2\/pages\/2905\/revisions"}],"predecessor-version":[{"id":3075,"href":"https:\/\/www.kessydocs.de\/fr\/wp-json\/wp\/v2\/pages\/2905\/revisions\/3075"}],"wp:attachment":[{"href":"https:\/\/www.kessydocs.de\/fr\/wp-json\/wp\/v2\/media?parent=2905"}],"curies":[{"name":"wp","href":"https:\/\/api.w.org\/{rel}","templated":true}]}}