{"id":2910,"date":"2021-06-04T15:17:01","date_gmt":"2021-06-04T13:17:01","guid":{"rendered":"https:\/\/www.kessydocs.de\/touareg-cayenne-audi-a8-cle-bentley-continental\/"},"modified":"2024-12-15T12:17:41","modified_gmt":"2024-12-15T11:17:41","slug":"touareg-cayenne-audi-a8-cle-bentley-continental","status":"publish","type":"page","link":"https:\/\/www.kessydocs.de\/fr\/touareg-cayenne-audi-a8-cle-bentley-continental\/","title":{"rendered":"Touareg, Cayenne, Audi A8, cl\u00e9 Bentley Continental"},"content":{"rendered":"<p>Les cl\u00e9s des v\u00e9hicules int\u00e8grent une platine sur laquelle se trouvent le transpondeur, la radiocommande, la commande par touches et, pour les v\u00e9hicules \u00e9quip\u00e9s du syst\u00e8me Keyless Go, l&rsquo;\u00e9metteur Keyless Go.<\/p>\n<p>Si le transpondeur de cette platine tombe en panne, la cl\u00e9 n&rsquo;est plus reconnue et la voiture ne peut pas \u00eatre d\u00e9marr\u00e9e.<\/p>\n<p>Dans ce cas, nous pouvons remplacer cette platine par une autre et l&rsquo;adapter \u00e0 votre v\u00e9hicule.<\/p>\n<p>Pour l&rsquo;adaptation, nous pourrions remplacer l&rsquo;ensemble du syst\u00e8me de fermeture de votre v\u00e9hicule, compos\u00e9 de :<\/p>\n<ul>\n<li>la colonne de direction\/le verrouillage de la colonne de direction<\/li>\n<li>les anciennes cl\u00e9s<\/li>\n<li>l&rsquo;appareil de commande Kessy\/FBS<\/li>\n<li>et le ou une unit\u00e9 de contr\u00f4le du moteur<\/li>\n<\/ul>\n<p>ont besoin.<\/p>\n<p>Pour ceux qui souhaitent effectuer eux-m\u00eames la programmation des cl\u00e9s proprement dite, nous pouvons aussi ne pr\u00e9-coder que la nouvelle platine de cl\u00e9s sur votre v\u00e9hicule.<\/p>\n<p>Pour cela, nous n&rsquo;aurions besoin que du calculateur Kessy et \u00e9ventuellement du calculateur moteur.<\/p>\n<p>Si vous avez des questions \u00e0 ce sujet, veuillez utiliser le <span style=\"color: #ffff00;\"><a style=\"color: #ffff00;\" href=\"https:\/\/www.kessydocs.de\/kontaktformular\/\">formulaire de contact<\/a>.<\/span><\/p>\n<div class=\"block-list-appender wp-block\" tabindex=\"-1\">\n<div class=\"components-dropdown block-editor-inserter\"><\/div>\n<\/div>\n","protected":false},"excerpt":{"rendered":"<p>Les cl\u00e9s des v\u00e9hicules int\u00e8grent une platine sur laquelle se trouvent le transpondeur, la radiocommande, la commande par touches et, pour les v\u00e9hicules \u00e9quip\u00e9s du syst\u00e8me Keyless Go, l&rsquo;\u00e9metteur Keyless Go. Si le transpondeur de cette platine tombe en panne, la cl\u00e9 n&rsquo;est plus reconnue et la voiture ne peut pas \u00eatre d\u00e9marr\u00e9e. Dans ce [&hellip;]<\/p>\n","protected":false},"author":1,"featured_media":0,"parent":0,"menu_order":0,"comment_status":"closed","ping_status":"open","template":"","meta":{"_crdt_document":"","footnotes":""},"class_list":["post-2910","page","type-page","status-publish","hentry"],"_links":{"self":[{"href":"https:\/\/www.kessydocs.de\/fr\/wp-json\/wp\/v2\/pages\/2910","targetHints":{"allow":["GET"]}}],"collection":[{"href":"https:\/\/www.kessydocs.de\/fr\/wp-json\/wp\/v2\/pages"}],"about":[{"href":"https:\/\/www.kessydocs.de\/fr\/wp-json\/wp\/v2\/types\/page"}],"author":[{"embeddable":true,"href":"https:\/\/www.kessydocs.de\/fr\/wp-json\/wp\/v2\/users\/1"}],"replies":[{"embeddable":true,"href":"https:\/\/www.kessydocs.de\/fr\/wp-json\/wp\/v2\/comments?post=2910"}],"version-history":[{"count":1,"href":"https:\/\/www.kessydocs.de\/fr\/wp-json\/wp\/v2\/pages\/2910\/revisions"}],"predecessor-version":[{"id":3079,"href":"https:\/\/www.kessydocs.de\/fr\/wp-json\/wp\/v2\/pages\/2910\/revisions\/3079"}],"wp:attachment":[{"href":"https:\/\/www.kessydocs.de\/fr\/wp-json\/wp\/v2\/media?parent=2910"}],"curies":[{"name":"wp","href":"https:\/\/api.w.org\/{rel}","templated":true}]}}