{"id":2911,"date":"2021-06-28T17:02:25","date_gmt":"2021-06-28T15:02:25","guid":{"rendered":"https:\/\/www.kessydocs.de\/porsche-cayenne\/"},"modified":"2024-12-15T12:06:20","modified_gmt":"2024-12-15T11:06:20","slug":"porsche-cayenne","status":"publish","type":"page","link":"https:\/\/www.kessydocs.de\/fr\/porsche-cayenne\/","title":{"rendered":"Porsche Cayenne"},"content":{"rendered":"<p>ici, nous allons essayer de d\u00e9crire les sch\u00e9mas d&rsquo;erreurs \/ probl\u00e8mes typiques que ces v\u00e9hicules rencontrent avec le syst\u00e8me antid\u00e9marrage.<\/p>\n<p>Ceux-ci ont toujours pour effet d&#8217;emp\u00eacher l&rsquo;allumage et le d\u00e9marrage de la voiture.<br \/>Sur les Porsche Cayenne, la cause principale est un <span style=\"color: #ffff00;\"><a style=\"color: #ffff00;\" href=\"https:\/\/www.kessydocs.de\/fr\/touareg-cayenne-audi-a8-bentley-contiental-verrouillages-de-la-colonne-de-direction\/\" data-wplink-edit=\"true\">verrouillage<\/a><\/span> d\u00e9fectueux <span style=\"color: #ffff00;\"><a style=\"color: #ffff00;\" href=\"https:\/\/www.kessydocs.de\/fr\/touareg-cayenne-audi-a8-bentley-contiental-verrouillages-de-la-colonne-de-direction\/\" data-wplink-edit=\"true\">de la colonne de direction<\/a>.<\/span><\/p>\n<p>De temps en temps, les <a href=\"https:\/\/www.kessydocs.de\/fr\/touareg-cayenne-audi-a8-cle-bentley-continental\/\"><span style=\"color: #ffff00;\">cl\u00e9s<\/span><\/a> se cassent et doivent \u00eatre remplac\u00e9es, mais dans ce cas, nous pouvons g\u00e9n\u00e9ralement proposer un remplacement.<\/p>\n<p>Pour toute question \u00e0 ce sujet, veuillez utiliser le <span style=\"color: #ffff00;\"><a style=\"color: #ffff00;\" href=\"https:\/\/www.kessydocs.de\/fr\/formulaire-de-contact\/\">Formulaire de contact<\/a><\/span>.<\/p>\n\n<p class=\"wp-block-paragraph\"><\/p>\n","protected":false},"excerpt":{"rendered":"<p>ici, nous allons essayer de d\u00e9crire les sch\u00e9mas d&rsquo;erreurs \/ probl\u00e8mes typiques que ces v\u00e9hicules rencontrent avec le syst\u00e8me antid\u00e9marrage. Ceux-ci ont toujours pour effet d&#8217;emp\u00eacher l&rsquo;allumage et le d\u00e9marrage de la voiture.Sur les Porsche Cayenne, la cause principale est un verrouillage d\u00e9fectueux de la colonne de direction. De temps en temps, les cl\u00e9s se [&hellip;]<\/p>\n","protected":false},"author":1,"featured_media":0,"parent":0,"menu_order":0,"comment_status":"closed","ping_status":"open","template":"","meta":{"_crdt_document":"","footnotes":""},"class_list":["post-2911","page","type-page","status-publish","hentry"],"_links":{"self":[{"href":"https:\/\/www.kessydocs.de\/fr\/wp-json\/wp\/v2\/pages\/2911","targetHints":{"allow":["GET"]}}],"collection":[{"href":"https:\/\/www.kessydocs.de\/fr\/wp-json\/wp\/v2\/pages"}],"about":[{"href":"https:\/\/www.kessydocs.de\/fr\/wp-json\/wp\/v2\/types\/page"}],"author":[{"embeddable":true,"href":"https:\/\/www.kessydocs.de\/fr\/wp-json\/wp\/v2\/users\/1"}],"replies":[{"embeddable":true,"href":"https:\/\/www.kessydocs.de\/fr\/wp-json\/wp\/v2\/comments?post=2911"}],"version-history":[{"count":3,"href":"https:\/\/www.kessydocs.de\/fr\/wp-json\/wp\/v2\/pages\/2911\/revisions"}],"predecessor-version":[{"id":3032,"href":"https:\/\/www.kessydocs.de\/fr\/wp-json\/wp\/v2\/pages\/2911\/revisions\/3032"}],"wp:attachment":[{"href":"https:\/\/www.kessydocs.de\/fr\/wp-json\/wp\/v2\/media?parent=2911"}],"curies":[{"name":"wp","href":"https:\/\/api.w.org\/{rel}","templated":true}]}}