{"id":2922,"date":"2022-09-11T22:53:16","date_gmt":"2022-09-11T20:53:16","guid":{"rendered":"https:\/\/www.kessydocs.de\/porsche-996-986-unite-de-controle-de-lalarme\/"},"modified":"2024-12-15T12:14:23","modified_gmt":"2024-12-15T11:14:23","slug":"porsche-996-986-unite-de-controle-de-lalarme","status":"publish","type":"page","link":"https:\/\/www.kessydocs.de\/fr\/porsche-996-986-unite-de-controle-de-lalarme\/","title":{"rendered":"Porsche 996 \/ 986 Unit\u00e9 de contr\u00f4le de l&rsquo;alarme"},"content":{"rendered":"<p>Sur les Porsche 986 \/ 996, l&rsquo;une des principales causes de panne est un d\u00e9g\u00e2t des eaux de l&rsquo;appareil.&nbsp; <\/p>\n\n<figure class=\"wp-block-image size-large is-resized\"><img loading=\"lazy\" decoding=\"async\" width=\"1024\" height=\"768\" src=\"https:\/\/www.kessydocs.de\/wp-content\/uploads\/2021\/06\/20160808_064254_web-1.jpg\" alt=\"\" class=\"wp-image-2581\" style=\"width:512px;height:384px\" srcset=\"https:\/\/www.kessydocs.de\/wp-content\/uploads\/2021\/06\/20160808_064254_web-1.jpg 1024w, https:\/\/www.kessydocs.de\/wp-content\/uploads\/2021\/06\/20160808_064254_web-1-300x225.jpg 300w, https:\/\/www.kessydocs.de\/wp-content\/uploads\/2021\/06\/20160808_064254_web-1-768x576.jpg 768w, https:\/\/www.kessydocs.de\/wp-content\/uploads\/2021\/06\/20160808_064254_web-1-600x450.jpg 600w, https:\/\/www.kessydocs.de\/wp-content\/uploads\/2021\/06\/20160808_064254_web-1-80x60.jpg 80w, https:\/\/www.kessydocs.de\/wp-content\/uploads\/2021\/06\/20160808_064254_web-1-120x90.jpg 120w\" sizes=\"auto, (max-width: 1024px) 100vw, 1024px\" \/><\/figure>\n<p>En cas de d\u00e9g\u00e2t des eaux, certaines fonctions tombent parfois en panne, mais c&rsquo;est souvent l&rsquo;ensemble de l&rsquo;appareil qui ne fonctionne plus.<\/p>\n<p>Si le v\u00e9hicule peut encore \u00eatre d\u00e9marr\u00e9 avec l&rsquo;appareil et que seules certaines fonctions, comme le verrouillage centralis\u00e9, sont en panne, nous pouvons essayer de r\u00e9parer ce dommage.<\/p>\n<p>Si le dommage ne peut pas \u00eatre r\u00e9par\u00e9 ou si le v\u00e9hicule ne peut plus \u00eatre d\u00e9marr\u00e9 avec l&rsquo;appareil, il existe encore tr\u00e8s souvent la possibilit\u00e9 de lire au moins le codage de l&rsquo;ancien appareil et de l&rsquo;utiliser pour coder un nouvel appareil avec le m\u00eame num\u00e9ro de pi\u00e8ce.<\/p>\n<p>Le nouvel appareil fonctionnerait alors avec les anciennes cl\u00e9s de votre voiture. Tout comme l&rsquo;ancien appareil avant le d\u00e9g\u00e2t des eaux.<\/p>\n<p>Une deuxi\u00e8me erreur assez fr\u00e9quente est la panne des radiocommandes, nous ne pouvons actuellement pas corriger cette erreur \/ la tester.<\/p>\n<p>Si vous avez des questions \u00e0 ce sujet, veuillez utiliser le <span style=\"color: #ffff00;\"><a style=\"color: #ffff00;\" href=\"https:\/\/www.kessydocs.de\/fr\/formulaire-de-contact\/\">formulaire de contact<\/a>.<\/span><\/p>\n","protected":false},"excerpt":{"rendered":"<p>Sur les Porsche 986 \/ 996, l&rsquo;une des principales causes de panne est un d\u00e9g\u00e2t des eaux de l&rsquo;appareil.&nbsp; En cas de d\u00e9g\u00e2t des eaux, certaines fonctions tombent parfois en panne, mais c&rsquo;est souvent l&rsquo;ensemble de l&rsquo;appareil qui ne fonctionne plus. Si le v\u00e9hicule peut encore \u00eatre d\u00e9marr\u00e9 avec l&rsquo;appareil et que seules certaines fonctions, [&hellip;]<\/p>\n","protected":false},"author":1,"featured_media":0,"parent":0,"menu_order":0,"comment_status":"closed","ping_status":"open","template":"","meta":{"_crdt_document":"","footnotes":""},"class_list":["post-2922","page","type-page","status-publish","hentry"],"_links":{"self":[{"href":"https:\/\/www.kessydocs.de\/fr\/wp-json\/wp\/v2\/pages\/2922","targetHints":{"allow":["GET"]}}],"collection":[{"href":"https:\/\/www.kessydocs.de\/fr\/wp-json\/wp\/v2\/pages"}],"about":[{"href":"https:\/\/www.kessydocs.de\/fr\/wp-json\/wp\/v2\/types\/page"}],"author":[{"embeddable":true,"href":"https:\/\/www.kessydocs.de\/fr\/wp-json\/wp\/v2\/users\/1"}],"replies":[{"embeddable":true,"href":"https:\/\/www.kessydocs.de\/fr\/wp-json\/wp\/v2\/comments?post=2922"}],"version-history":[{"count":2,"href":"https:\/\/www.kessydocs.de\/fr\/wp-json\/wp\/v2\/pages\/2922\/revisions"}],"predecessor-version":[{"id":3069,"href":"https:\/\/www.kessydocs.de\/fr\/wp-json\/wp\/v2\/pages\/2922\/revisions\/3069"}],"wp:attachment":[{"href":"https:\/\/www.kessydocs.de\/fr\/wp-json\/wp\/v2\/media?parent=2922"}],"curies":[{"name":"wp","href":"https:\/\/api.w.org\/{rel}","templated":true}]}}