{"id":2830,"date":"2021-06-03T13:43:30","date_gmt":"2021-06-03T11:43:30","guid":{"rendered":"https:\/\/www.kessydocs.de\/benvenuti-a-kessydocs\/"},"modified":"2024-12-15T12:24:17","modified_gmt":"2024-12-15T11:24:17","slug":"benvenuti-a-kessydocs","status":"publish","type":"page","link":"https:\/\/www.kessydocs.de\/it\/","title":{"rendered":"Benvenuti a KessyDocs"},"content":{"rendered":"\n<p class=\"has-gray-color has-text-color wp-block-paragraph\" style=\"line-height:2.1\">Siamo un&#8217;azienda specializzata in sistemi di immobilizzazione per VW Phaeton \/ Touareg, Porsche Cayenne, Porsche 996, 986, 997, 987, 970, 971, 991, 981, Bentley Continental e Audi A8.  <\/p>\n\n<p class=\"wp-block-paragraph\"><\/p>\n\n<figure class=\"wp-block-image size-large is-resized\"><img loading=\"lazy\" decoding=\"async\" width=\"640\" height=\"480\" src=\"https:\/\/www.kessydocs.de\/wp-content\/uploads\/2021\/05\/kessy_wasser.jpg\" alt=\"\" class=\"wp-image-2373\" style=\"width:312px;height:234px\" srcset=\"https:\/\/www.kessydocs.de\/wp-content\/uploads\/2021\/05\/kessy_wasser.jpg 640w, https:\/\/www.kessydocs.de\/wp-content\/uploads\/2021\/05\/kessy_wasser-300x225.jpg 300w, https:\/\/www.kessydocs.de\/wp-content\/uploads\/2021\/05\/kessy_wasser-600x450.jpg 600w, https:\/\/www.kessydocs.de\/wp-content\/uploads\/2021\/05\/kessy_wasser-80x60.jpg 80w, https:\/\/www.kessydocs.de\/wp-content\/uploads\/2021\/05\/kessy_wasser-120x90.jpg 120w\" sizes=\"auto, (max-width: 640px) 100vw, 640px\" \/><\/figure>\n\n<p class=\"has-gray-color has-text-color wp-block-paragraph\" style=\"line-height:2\">Anche con dispositivi di questo tipo, c&#8217;\u00e8 un&#8217;alta probabilit\u00e0 di poter estrarre i dati dell&#8217;immobilizzatore e creare un dispositivo gi\u00e0 codificato per voi.  <\/p>\n\n<p class=\"wp-block-paragraph\"><\/p>\n\n<p class=\"wp-block-paragraph\">Siete inoltre invitati a contattarci per le unit\u00e0 di controllo motore con software speciale che sono difettose. Pu\u00f2 anche essere possibile salvare i dati da questi dispositivi per scriverli su un dispositivo identico.  <br\/><br\/>Per qualsiasi domanda, utilizza il nostro <span style=\"color: #ffff00;\"><a style=\"color: #ffff00;\" href=\"https:\/\/www.kessydocs.de\/it\/modulo-di-contatto\/\">modulo di contatto<\/a><\/span>. <\/p>\n<p><script type=\"application\/javascript\" src=\"https:\/\/app.usercentrics.eu\/latest\/main.js\" id=\"wLY0wT34u\"><\/script><\/p>\n","protected":false},"excerpt":{"rendered":"<p>Siamo un&#8217;azienda specializzata in sistemi di immobilizzazione per VW Phaeton \/ Touareg, Porsche Cayenne, Porsche 996, 986, 997, 987, 970, 971, 991, 981, Bentley Continental e Audi A8. Anche con dispositivi di questo tipo, c&#8217;\u00e8 un&#8217;alta probabilit\u00e0 di poter estrarre i dati dell&#8217;immobilizzatore e creare un dispositivo gi\u00e0 codificato per voi. Siete inoltre invitati a [&hellip;]<\/p>\n","protected":false},"author":1,"featured_media":0,"parent":0,"menu_order":0,"comment_status":"closed","ping_status":"open","template":"","meta":{"_crdt_document":"","footnotes":""},"class_list":["post-2830","page","type-page","status-publish","hentry"],"_links":{"self":[{"href":"https:\/\/www.kessydocs.de\/it\/wp-json\/wp\/v2\/pages\/2830","targetHints":{"allow":["GET"]}}],"collection":[{"href":"https:\/\/www.kessydocs.de\/it\/wp-json\/wp\/v2\/pages"}],"about":[{"href":"https:\/\/www.kessydocs.de\/it\/wp-json\/wp\/v2\/types\/page"}],"author":[{"embeddable":true,"href":"https:\/\/www.kessydocs.de\/it\/wp-json\/wp\/v2\/users\/1"}],"replies":[{"embeddable":true,"href":"https:\/\/www.kessydocs.de\/it\/wp-json\/wp\/v2\/comments?post=2830"}],"version-history":[{"count":2,"href":"https:\/\/www.kessydocs.de\/it\/wp-json\/wp\/v2\/pages\/2830\/revisions"}],"predecessor-version":[{"id":3094,"href":"https:\/\/www.kessydocs.de\/it\/wp-json\/wp\/v2\/pages\/2830\/revisions\/3094"}],"wp:attachment":[{"href":"https:\/\/www.kessydocs.de\/it\/wp-json\/wp\/v2\/media?parent=2830"}],"curies":[{"name":"wp","href":"https:\/\/api.w.org\/{rel}","templated":true}]}}