{"id":2873,"date":"2021-06-28T19:42:38","date_gmt":"2021-06-28T17:42:38","guid":{"rendered":"https:\/\/www.kessydocs.de\/touareg-cayenne-audi-a8-bentley-contiental-centraline-kessy-fbs\/"},"modified":"2024-12-15T12:10:35","modified_gmt":"2024-12-15T11:10:35","slug":"touareg-cayenne-audi-a8-bentley-contiental-centraline-kessy-fbs","status":"publish","type":"page","link":"https:\/\/www.kessydocs.de\/it\/touareg-cayenne-audi-a8-bentley-contiental-centraline-kessy-fbs\/","title":{"rendered":"Touareg, Cayenne, Audi A8, Bentley Contiental Centraline Kessy\/Fbs"},"content":{"rendered":"\n<figure class=\"wp-block-image size-large\"><img loading=\"lazy\" decoding=\"async\" width=\"640\" height=\"480\" src=\"https:\/\/www.kessydocs.de\/wp-content\/uploads\/2021\/05\/kessy_wasser.jpg\" alt=\"\" class=\"wp-image-2373\" srcset=\"https:\/\/www.kessydocs.de\/wp-content\/uploads\/2021\/05\/kessy_wasser.jpg 640w, https:\/\/www.kessydocs.de\/wp-content\/uploads\/2021\/05\/kessy_wasser-300x225.jpg 300w, https:\/\/www.kessydocs.de\/wp-content\/uploads\/2021\/05\/kessy_wasser-600x450.jpg 600w, https:\/\/www.kessydocs.de\/wp-content\/uploads\/2021\/05\/kessy_wasser-80x60.jpg 80w, https:\/\/www.kessydocs.de\/wp-content\/uploads\/2021\/05\/kessy_wasser-120x90.jpg 120w\" sizes=\"auto, (max-width: 640px) 100vw, 640px\" \/><\/figure>\n<p>Il guasto pi\u00f9 comune delle VW Phaeton \/ Audi A8 e Bentley Cntinental \u00e8 il danneggiamento dei dispositivi da parte dell&#8217;acqua.  <\/p>\n<p>Ci\u00f2 provoca la mancata risposta dell&#8217;unit\u00e0 e l&#8217;impossibilit\u00e0 di inserire l&#8217;accensione del veicolo.<\/p>\n<p>Anche se, a causa dei tentativi di pulizia, le unit\u00e0 non assomigliano del tutto a quelle dell&#8217;immagine di esempio, di solito non possono essere riparate.<\/p>\n<p>Tuttavia, di solito \u00e8 possibile leggere i dati di unit\u00e0 di questo tipo per codificare un&#8217;unit\u00e0 con lo stesso numero di parte.<\/p>\n<p>Successivamente, l&#8217;unit\u00e0 sostitutiva pu\u00f2 essere installata nel veicolo &#8220;plug and play&#8221;, ovvero senza ulteriori interventi di codifica.<\/p>\n<p>Le vecchie chiavi vengono riconosciute, il piantone dello sterzo si blocca e si sblocca come di consueto e l&#8217;accensione pu\u00f2 essere inserita.<\/p>\n<p>Di solito abbiamo bisogno di un giorno lavorativo per salvare i dati e codificare il nuovo dispositivo.<\/p>\n<p>Queste unit\u00e0 di controllo sono disponibili in due versioni. Da un lato ci sono dispositivi che contengono solo l&#8217;immobilizzatore del veicolo, dall&#8217;altro ci sono dispositivi che assumono anche il controllo della funzione keyless go.<\/p>\n<p>Queste unit\u00e0 di controllo hanno di solito uno dei seguenti numeri di parte :<\/p>\n<p>3d0909135Q, 3d0909135L, 3d0909135C, 3d0909135F, 3D0909135LX 3D0909135QX 3D0909137X 3D0909137BX 3D0909137DX 3D0909137D 3D0909137FX 3D0909137F, 3D0909137G, 3D0909137Gx , 4e0909131K, 4e0909131Kx, 4e0909131C, 4e0909131Cx, 4e0909131L, 4e0909131Lx, 4e0907181A, 4e0907181Ax<\/p>\n<p>\u00c8 molto probabile che si rompano se una delle maniglie del veicolo presenta un difetto\/cortocircuito o se le antenne sono difettose. In questo modo la funzione di lettura senza chiave viene meno.<\/p>\n<p>Ci\u00f2 significa che non \u00e8 possibile riconoscere la chiave quando si preme il pulsante di avviamento e non \u00e8 possibile bloccare\/sbloccare l&#8217;auto toccando le maniglie senza prima sbloccarla.  <\/p>\n<p> Il seguente guasto viene solitamente memorizzato nella memoria dei guasti dei dispositivi: 00003 &#8211; Unit\u00e0 di controllo 012 &#8211; Guasto elettrico nel circuito oppure: 00003 &#8211; Modulo di controllo 012 &#8211; Guasto elettrico nel circuito<\/p>\n<p>Uno dei difetti successivi \u00e8 che i dispositivi consumano una quantit\u00e0 relativamente elevata di energia e non passano alla modalit\u00e0 stand-by. Ci\u00f2 significa che la batteria del veicolo si scarica nel giro di pochi giorni.  <\/p>\n<p>Di norma, \u00e8 possibile riparare i dispositivi che presentano questo difetto, senza doverli necessariamente sostituire.<\/p>\n<p>Dopo aver ricevuto le unit\u00e0, si consiglia di leggere una volta la memoria degli errori per determinare quali maniglie\/quali antenne sono difettose.<\/p>\n<p>Se queste maniglie\/antenne non vengono sostituite o almeno scollegate, le unit\u00e0 di controllo possono essere nuovamente danneggiate.<\/p>\n<p>Per qualsiasi domanda, utilizza il <span style=\"color: #ffff00;\"><a style=\"color: #ffff00;\" href=\"https:\/\/www.kessydocs.de\/it\/modulo-di-contatto\/\">modulo di contatto<\/a>.<\/span><\/p>\n<div class=\"block-list-appender wp-block\" tabindex=\"-1\">\n<div class=\"components-dropdown block-editor-inserter\"> <\/div>\n<\/div>\n","protected":false},"excerpt":{"rendered":"<p>Il guasto pi\u00f9 comune delle VW Phaeton \/ Audi A8 e Bentley Cntinental \u00e8 il danneggiamento dei dispositivi da parte dell&#8217;acqua. Ci\u00f2 provoca la mancata risposta dell&#8217;unit\u00e0 e l&#8217;impossibilit\u00e0 di inserire l&#8217;accensione del veicolo. Anche se, a causa dei tentativi di pulizia, le unit\u00e0 non assomigliano del tutto a quelle dell&#8217;immagine di esempio, di solito [&hellip;]<\/p>\n","protected":false},"author":1,"featured_media":0,"parent":0,"menu_order":0,"comment_status":"closed","ping_status":"open","template":"","meta":{"_crdt_document":"","footnotes":""},"class_list":["post-2873","page","type-page","status-publish","hentry"],"_links":{"self":[{"href":"https:\/\/www.kessydocs.de\/it\/wp-json\/wp\/v2\/pages\/2873","targetHints":{"allow":["GET"]}}],"collection":[{"href":"https:\/\/www.kessydocs.de\/it\/wp-json\/wp\/v2\/pages"}],"about":[{"href":"https:\/\/www.kessydocs.de\/it\/wp-json\/wp\/v2\/types\/page"}],"author":[{"embeddable":true,"href":"https:\/\/www.kessydocs.de\/it\/wp-json\/wp\/v2\/users\/1"}],"replies":[{"embeddable":true,"href":"https:\/\/www.kessydocs.de\/it\/wp-json\/wp\/v2\/comments?post=2873"}],"version-history":[{"count":2,"href":"https:\/\/www.kessydocs.de\/it\/wp-json\/wp\/v2\/pages\/2873\/revisions"}],"predecessor-version":[{"id":3048,"href":"https:\/\/www.kessydocs.de\/it\/wp-json\/wp\/v2\/pages\/2873\/revisions\/3048"}],"wp:attachment":[{"href":"https:\/\/www.kessydocs.de\/it\/wp-json\/wp\/v2\/media?parent=2873"}],"curies":[{"name":"wp","href":"https:\/\/api.w.org\/{rel}","templated":true}]}}