{"id":2883,"date":"2022-09-11T22:53:34","date_gmt":"2022-09-11T20:53:34","guid":{"rendered":"https:\/\/www.kessydocs.de\/elv-porsche-991-981-970-92a\/"},"modified":"2024-12-15T12:12:50","modified_gmt":"2024-12-15T11:12:50","slug":"elv-porsche-991-981-970-92a","status":"publish","type":"page","link":"https:\/\/www.kessydocs.de\/it\/elv-porsche-991-981-970-92a\/","title":{"rendered":"ELV Porsche 991\/981\/970\/92A"},"content":{"rendered":"<p>Su Porsche&nbsp; 911 ( 991)&nbsp; \/ Boxster \/ Cymen (981) \/ Panamera ( 970, 971)&nbsp; \/ Cayenne 92A&nbsp; una delle cause pi\u00f9 comuni del mancato inserimento dell&#8217;accensione \u00e8 un bloccasterzo (ELV) difettoso.&nbsp;<\/p>\n\n<figure class=\"wp-block-image size-full is-resized\"><img loading=\"lazy\" decoding=\"async\" width=\"1000\" height=\"459\" src=\"https:\/\/www.kessydocs.de\/wp-content\/uploads\/2022\/09\/991_elv1.jpg\" alt=\"\" class=\"wp-image-2600\" style=\"width:525px;height:240px\" srcset=\"https:\/\/www.kessydocs.de\/wp-content\/uploads\/2022\/09\/991_elv1.jpg 1000w, https:\/\/www.kessydocs.de\/wp-content\/uploads\/2022\/09\/991_elv1-300x138.jpg 300w, https:\/\/www.kessydocs.de\/wp-content\/uploads\/2022\/09\/991_elv1-768x353.jpg 768w, https:\/\/www.kessydocs.de\/wp-content\/uploads\/2022\/09\/991_elv1-600x275.jpg 600w\" sizes=\"auto, (max-width: 1000px) 100vw, 1000px\" \/><\/figure>\n<p>Ci\u00f2 comporta sempre l&#8217;impossibilit\u00e0 di inserire l&#8217;accensione e l&#8217;impossibilit\u00e0 di avviare l&#8217;auto.<\/p>\n<p>Questi motori hanno uno dei seguenti numeri di parte :  <\/p>\n<p>7PP905852B, 7PP905852C<\/p>\n<p>Su alcuni veicoli, questo errore mostrer\u00e0 &#8220;sterzo difettoso&#8221; o &#8220;sterzo bloccato&#8221; o qualcosa di simile sul display del tachimetro&#8221;.  <\/p>\n<p>In alcuni veicoli, per\u00f2, purtroppo non \u00e8 cos\u00ec. Poi non succede nulla quando si gira la chiave per inserire l&#8217;accensione.<\/p>\n<p>Questi motori non sono motori puri, ma attuatori con unit\u00e0 di controllo integrata.<\/p>\n<p>Se si tenta di utilizzare tale dispositivo senza adattarlo alla vettura, l&#8217;immobilizzatore \u00e8 attivo e l&#8217;accensione non pu\u00f2 essere inserita!<\/p>\n<p>Per montare un bloccasterzo usato sul vostro veicolo, dovrete inviarci la centralina di bordo anteriore e una chiave. Il vecchio motore del piantone dello sterzo non \u00e8 necessariamente richiesto, ma \u00e8 possibile inviarlo.<\/p>\n<p>Per qualsiasi domanda, utilizza il <span style=\"color: #ffff00;\"><a style=\"color: #ffff00;\" href=\"https:\/\/www.kessydocs.de\/it\/modulo-di-contatto\/\">modulo di contatto<\/a>.<\/span><\/p>\n","protected":false},"excerpt":{"rendered":"<p>Su Porsche&nbsp; 911 ( 991)&nbsp; \/ Boxster \/ Cymen (981) \/ Panamera ( 970, 971)&nbsp; \/ Cayenne 92A&nbsp; una delle cause pi\u00f9 comuni del mancato inserimento dell&#8217;accensione \u00e8 un bloccasterzo (ELV) difettoso.&nbsp; Ci\u00f2 comporta sempre l&#8217;impossibilit\u00e0 di inserire l&#8217;accensione e l&#8217;impossibilit\u00e0 di avviare l&#8217;auto. Questi motori hanno uno dei seguenti numeri di parte : 7PP905852B, [&hellip;]<\/p>\n","protected":false},"author":1,"featured_media":0,"parent":0,"menu_order":0,"comment_status":"closed","ping_status":"open","template":"","meta":{"_crdt_document":"","footnotes":""},"class_list":["post-2883","page","type-page","status-publish","hentry"],"_links":{"self":[{"href":"https:\/\/www.kessydocs.de\/it\/wp-json\/wp\/v2\/pages\/2883","targetHints":{"allow":["GET"]}}],"collection":[{"href":"https:\/\/www.kessydocs.de\/it\/wp-json\/wp\/v2\/pages"}],"about":[{"href":"https:\/\/www.kessydocs.de\/it\/wp-json\/wp\/v2\/types\/page"}],"author":[{"embeddable":true,"href":"https:\/\/www.kessydocs.de\/it\/wp-json\/wp\/v2\/users\/1"}],"replies":[{"embeddable":true,"href":"https:\/\/www.kessydocs.de\/it\/wp-json\/wp\/v2\/comments?post=2883"}],"version-history":[{"count":2,"href":"https:\/\/www.kessydocs.de\/it\/wp-json\/wp\/v2\/pages\/2883\/revisions"}],"predecessor-version":[{"id":3058,"href":"https:\/\/www.kessydocs.de\/it\/wp-json\/wp\/v2\/pages\/2883\/revisions\/3058"}],"wp:attachment":[{"href":"https:\/\/www.kessydocs.de\/it\/wp-json\/wp\/v2\/media?parent=2883"}],"curies":[{"name":"wp","href":"https:\/\/api.w.org\/{rel}","templated":true}]}}