{"id":2892,"date":"2021-06-28T18:35:26","date_gmt":"2021-06-28T16:35:26","guid":{"rendered":"https:\/\/www.kessydocs.de\/bentley-continental\/"},"modified":"2024-12-15T12:07:50","modified_gmt":"2024-12-15T11:07:50","slug":"bentley-continental","status":"publish","type":"page","link":"https:\/\/www.kessydocs.de\/it\/bentley-continental\/","title":{"rendered":"Bentley Continental"},"content":{"rendered":"<p>In questa sede cercheremo di descrivere i tipici modelli di errore\/problemi che questi veicoli presentano con l&#8217;immobilizzatore.<\/p>\n<p>La causa principale \u00e8 l&#8217;<span style=\"color: #ffff00;\"><a style=\"color: #ffff00;\" href=\"https:\/\/www.kessydocs.de\/kessy-fbs-steuergeraet\/\">unit\u00e0 di controllo Kessy<\/a>, che<\/span> viene danneggiata dall&#8217;acqua.<\/p>\n<p>I dispositivi sono installati sotto la moquette davanti al sedile del guidatore e spesso ricevono una porzione d&#8217;acqua di troppo attraverso gli scarichi del tettuccio o del serbatoio dell&#8217;acqua (davanti al parabrezza), con la conseguenza che la centralina keyless emette un errore o addirittura si guasta completamente.<\/p>\n<p>In questo caso, potete inviarci l&#8217;unit\u00e0 difettosa e noi cercheremo di leggere i dati da questa unit\u00e0 per programmare un&#8217;unit\u00e0 con lo stesso numero di ricambio.<\/p>\n<p>Successivamente, l&#8217;unit\u00e0 sostitutiva pu\u00f2 essere installata nel veicolo &#8220;plug and play&#8221;, ovvero senza ulteriori interventi di codifica.<\/p>\n<p>Le vecchie chiavi vengono riconosciute, il piantone dello sterzo si blocca e si sblocca come di consueto e l&#8217;accensione pu\u00f2 essere inserita.<\/p>\n<p>Di solito abbiamo bisogno di un giorno lavorativo per salvare i dati e codificare il nuovo dispositivo.<\/p>\n<p>Purtroppo, per\u00f2, possono verificarsi anche errori conseguenti. Poich\u00e9 le centraline Kessy controllano anche il rel\u00e8 di avviamento. Se vengono immersi nell&#8217;acqua, il motorino di avviamento pu\u00f2 ruotare in modo permanente (senza che l&#8217;auto si avvii), causando danni.<\/p>\n<p>Un altro problema abbastanza comune \u00e8 il blocco del piantone dello sterzo difettoso. <span style=\"color: #ffff00;\"><a style=\"color: #ffff00;\" href=\"https:\/\/www.kessydocs.de\/lenksaeulenverriegelung\">blocco del piantone dello sterzo<\/a><\/span> .<\/p>\n<p>Di tanto in tanto, per\u00f2, i <span style=\"color: #ffff00;\"><a style=\"color: #ffff00;\" href=\"https:\/\/www.kessydocs.de\/schluessel\/\">chiavi<\/a><\/span> si rompono e devono essere sostituite, ma di solito siamo in grado di offrirle.<\/p>\n<p>Per qualsiasi domanda, utilizza il <span style=\"color: #ffff00;\"><a style=\"color: #ffff00;\" href=\"https:\/\/www.kessydocs.de\/kontaktformular\/\">modulo di contatto<\/a>.<\/span><\/p>\n","protected":false},"excerpt":{"rendered":"<p>In questa sede cercheremo di descrivere i tipici modelli di errore\/problemi che questi veicoli presentano con l&#8217;immobilizzatore. La causa principale \u00e8 l&#8217;unit\u00e0 di controllo Kessy, che viene danneggiata dall&#8217;acqua. I dispositivi sono installati sotto la moquette davanti al sedile del guidatore e spesso ricevono una porzione d&#8217;acqua di troppo attraverso gli scarichi del tettuccio o [&hellip;]<\/p>\n","protected":false},"author":1,"featured_media":0,"parent":0,"menu_order":0,"comment_status":"closed","ping_status":"open","template":"","meta":{"_crdt_document":"","footnotes":""},"class_list":["post-2892","page","type-page","status-publish","hentry"],"_links":{"self":[{"href":"https:\/\/www.kessydocs.de\/it\/wp-json\/wp\/v2\/pages\/2892","targetHints":{"allow":["GET"]}}],"collection":[{"href":"https:\/\/www.kessydocs.de\/it\/wp-json\/wp\/v2\/pages"}],"about":[{"href":"https:\/\/www.kessydocs.de\/it\/wp-json\/wp\/v2\/types\/page"}],"author":[{"embeddable":true,"href":"https:\/\/www.kessydocs.de\/it\/wp-json\/wp\/v2\/users\/1"}],"replies":[{"embeddable":true,"href":"https:\/\/www.kessydocs.de\/it\/wp-json\/wp\/v2\/comments?post=2892"}],"version-history":[{"count":1,"href":"https:\/\/www.kessydocs.de\/it\/wp-json\/wp\/v2\/pages\/2892\/revisions"}],"predecessor-version":[{"id":3039,"href":"https:\/\/www.kessydocs.de\/it\/wp-json\/wp\/v2\/pages\/2892\/revisions\/3039"}],"wp:attachment":[{"href":"https:\/\/www.kessydocs.de\/it\/wp-json\/wp\/v2\/media?parent=2892"}],"curies":[{"name":"wp","href":"https:\/\/api.w.org\/{rel}","templated":true}]}}